{"id":353,"date":"2021-02-08T12:12:46","date_gmt":"2021-02-08T11:12:46","guid":{"rendered":"http:\/\/anthony.lepors.fr\/raspi-thermo-cam\/?page_id=353"},"modified":"2021-03-03T23:07:18","modified_gmt":"2021-03-03T22:07:18","slug":"raspberry-installation-systeme-exploitation","status":"publish","type":"page","link":"https:\/\/anthony.lepors.fr\/raspi-thermo-cam\/raspberry-installation-systeme-exploitation\/","title":{"rendered":"Installation d&rsquo;un syst\u00e8me d&rsquo;exploitation"},"content":{"rendered":"<p>[et_pb_section fb_built=\u00a0\u00bb1&Prime; _builder_version=\u00a0\u00bb4.8.2&Prime; _module_preset=\u00a0\u00bbdefault\u00a0\u00bb][et_pb_row _builder_version=\u00a0\u00bb4.8.2&Prime; _module_preset=\u00a0\u00bbdefault\u00a0\u00bb][et_pb_column type=\u00a0\u00bb4_4&Prime; _builder_version=\u00a0\u00bb4.8.2&Prime; _module_preset=\u00a0\u00bbdefault\u00a0\u00bb][et_pb_text _builder_version=\u00a0\u00bb4.8.2&Prime; _module_preset=\u00a0\u00bbdefault\u00a0\u00bb]<\/p>\n<h1>Installation d&rsquo;un syst\u00e8me d&rsquo;exploitation sur un Raspberry<\/h1>\n<p class=\"font_7\">Pour configurer le syst\u00e8me de notre Raspberry pour la premi\u00e8re fois, nous devons dans un premier temps proc\u00e9der \u00e0 l&rsquo;installation d&rsquo;un syst\u00e8me d&rsquo;exploitation. Pour cela, nous choisissons de passer par une m\u00e9thode classique mais manuelle, avec le t\u00e9l\u00e9chargement d&rsquo;un fichier zip et l&rsquo;\u00e9criture de l&rsquo;image disque sur une carte SD.<\/p>\n<p class=\"font_7\">Nous avons cherch\u00e9 \u00e0 installer la derni\u00e8re version Raspbian qui est le syst\u00e8me d&rsquo;exploitation le plus connu pour Raspberry. Elle s&rsquo;appelle d\u00e9sormais Raspberry Pi OS.\u00a0Pour cela, nous sommes all\u00e9s sur le site\u00a0<span class=\"color_19\"><span>\u00ab\u00a0<a href=\"https:\/\/www.raspberrypi.org\/software\/operating-systems\/#raspberry-pi-os-32-bit\" target=\"_blank\" rel=\"nofollow noopener noreferrer\">https:\/\/www.raspberrypi.org\/software\/operating-systems\/#raspberry-pi-os-32-bit<\/a> \u00bb<\/span><\/span><span class=\"color_20\">. <\/span><\/p>\n<h2 class=\"font_7\"><span class=\"color_20\">T\u00e9l\u00e9chargement d&rsquo;un fichier Zip d&rsquo;un syst\u00e8me d&rsquo;exploitation (OS)<\/span><\/h2>\n<p class=\"font_7\"><span class=\"color_20\">Nous avons choisi de t\u00e9l\u00e9charger le Raspberry Pi OS avec le bureau et les logiciels recommand\u00e9s. L&rsquo;image ci-dessous nous montre que la version du kernel est la 5.4. De plus, nous pr\u00e9cisons que l&rsquo;OS a \u00e9t\u00e9 install\u00e9 le 13 janvier 2021.<\/span><\/p>\n<p>[\/et_pb_text][et_pb_image src=\u00a0\u00bbhttps:\/\/anthony.lepors.fr\/raspi-thermo-cam\/wp-content\/uploads\/2021\/02\/telechargement-zip-buster.png\u00a0\u00bb alt=\u00a0\u00bbT\u00e9l\u00e9chargement du fichier zip du syst\u00e8me d&rsquo;exploitation\u00a0\u00bb title_text=\u00a0\u00bbT\u00e9l\u00e9chargement du fichier zip du syst\u00e8me d&rsquo;exploitation\u00a0\u00bb show_in_lightbox=\u00a0\u00bbon\u00a0\u00bb align=\u00a0\u00bbcenter\u00a0\u00bb _builder_version=\u00a0\u00bb4.8.2&Prime; _module_preset=\u00a0\u00bbdefault\u00a0\u00bb max_width=\u00a0\u00bb65%\u00a0\u00bb box_shadow_style=\u00a0\u00bbpreset1&Prime;][\/et_pb_image][\/et_pb_column][\/et_pb_row][et_pb_row column_structure=\u00a0\u00bb1_4,1_2,1_4&Prime; use_custom_gutter=\u00a0\u00bbon\u00a0\u00bb gutter_width=\u00a0\u00bb4&Prime; make_equal=\u00a0\u00bbon\u00a0\u00bb _builder_version=\u00a0\u00bb4.8.2&Prime; _module_preset=\u00a0\u00bbdefault\u00a0\u00bb custom_margin=\u00a0\u00bb5px||5px||false|false\u00a0\u00bb custom_padding=\u00a0\u00bb5px||5px||false|false\u00a0\u00bb border_width_all=\u00a0\u00bb2px\u00a0\u00bb box_shadow_style=\u00a0\u00bbpreset1&Prime;][et_pb_column type=\u00a0\u00bb1_4&Prime; _builder_version=\u00a0\u00bb4.8.2&Prime; _module_preset=\u00a0\u00bbdefault\u00a0\u00bb][et_pb_image src=\u00a0\u00bbhttps:\/\/anthony.lepors.fr\/raspi-thermo-cam\/wp-content\/uploads\/2021\/02\/logo-zip.jpg\u00a0\u00bb title_text=\u00a0\u00bblogo_zip\u00a0\u00bb align=\u00a0\u00bbcenter\u00a0\u00bb _builder_version=\u00a0\u00bb4.8.2&Prime; _module_preset=\u00a0\u00bbdefault\u00a0\u00bb module_alignment=\u00a0\u00bbcenter\u00a0\u00bb max_height=\u00a0\u00bb81px\u00a0\u00bb custom_margin=\u00a0\u00bb0px||0px||false|false\u00a0\u00bb custom_padding=\u00a0\u00bb0px||0px||false|false\u00a0\u00bb][\/et_pb_image][\/et_pb_column][et_pb_column type=\u00a0\u00bb1_2&Prime; _builder_version=\u00a0\u00bb4.8.2&Prime; _module_preset=\u00a0\u00bbdefault\u00a0\u00bb][et_pb_blurb title=\u00a0\u00bbRaspios Buster armhf-full\u00a0\u00bb use_icon=\u00a0\u00bbon\u00a0\u00bb font_icon=\u00a0\u00bb%%272%%\u00a0\u00bb icon_placement=\u00a0\u00bbleft\u00a0\u00bb use_icon_font_size=\u00a0\u00bbon\u00a0\u00bb icon_font_size=\u00a0\u00bb48px\u00a0\u00bb _builder_version=\u00a0\u00bb4.8.2&Prime; _module_preset=\u00a0\u00bbdefault\u00a0\u00bb header_font=\u00a0\u00bbOpen Sans||||||||\u00a0\u00bb body_font=\u00a0\u00bbOpen Sans||||||||\u00a0\u00bb body_text_align=\u00a0\u00bbleft\u00a0\u00bb custom_padding=\u00a0\u00bb15px||15px||false|false\u00a0\u00bb]<\/p>\n<p>1 file\u00a0 \u00a0 \u00a02,79 Go\u00a0 \u00a0 \u00a013\/01\/2021<\/p>\n<p>[\/et_pb_blurb][\/et_pb_column][et_pb_column type=\u00a0\u00bb1_4&Prime; _builder_version=\u00a0\u00bb4.8.2&Prime; _module_preset=\u00a0\u00bbdefault\u00a0\u00bb][et_pb_button button_url=\u00a0\u00bbhttps:\/\/www.raspberrypi.org\/software\/operating-systems\/#raspberry-pi-os-32-bit\u00a0\u00bb url_new_window=\u00a0\u00bbon\u00a0\u00bb button_text=\u00a0\u00bbDOWNLOAD\u00a0\u00bb button_alignment=\u00a0\u00bbleft\u00a0\u00bb _builder_version=\u00a0\u00bb4.8.2&Prime; _module_preset=\u00a0\u00bbdefault\u00a0\u00bb custom_button=\u00a0\u00bbon\u00a0\u00bb button_text_color=\u00a0\u00bb#FFFFFF\u00a0\u00bb button_bg_color=\u00a0\u00bb#ff8080&Prime; button_border_color=\u00a0\u00bb#FFFFFF\u00a0\u00bb button_font=\u00a0\u00bbOpen Sans||||||||\u00a0\u00bb button_icon=\u00a0\u00bb%%209%%\u00a0\u00bb button_icon_color=\u00a0\u00bb#FFFFFF\u00a0\u00bb position_origin_a=\u00a0\u00bbcenter_left\u00a0\u00bb custom_margin=\u00a0\u00bb15px||15px||false|false\u00a0\u00bb][\/et_pb_button][\/et_pb_column][\/et_pb_row][et_pb_row _builder_version=\u00a0\u00bb4.8.2&Prime; _module_preset=\u00a0\u00bbdefault\u00a0\u00bb custom_padding=\u00a0\u00bb0px||||false|false\u00a0\u00bb][et_pb_column type=\u00a0\u00bb4_4&Prime; _builder_version=\u00a0\u00bb4.8.2&Prime; _module_preset=\u00a0\u00bbdefault\u00a0\u00bb][et_pb_text _builder_version=\u00a0\u00bb4.8.2&Prime; _module_preset=\u00a0\u00bbdefault\u00a0\u00bb]<\/p>\n<h2 class=\"font_7\">Ecriture de l&rsquo;image disque sur une carte SD<\/h2>\n<p class=\"font_7\">Ensuite, nous installons le logiciel Etcher, gr\u00e2ce au site <span class=\"color_19\"><span>\u00ab\u00a0<a href=\"https:\/\/www.balena.io\/etcher\/\" target=\"_blank\" rel=\"nofollow noopener noreferrer\">https:\/\/www.balena.io\/etcher\/<\/a> \u00bb<\/span><\/span>. Cela nous permet d&rsquo;\u00e9crire des images disque sur une m\u00e9moire flash, ici une carte SD. Nous sommes donc autonomes sur la s\u00e9lection de notre syst\u00e8me exploitation et nous ne passons pas par un utilitaire tel que Noobs.<\/p>\n<p class=\"font_7\">Nous ouvrons balenaEtcher et nous lan\u00e7ons le flash de la carte SD avec l&rsquo;OS choisi dans la premi\u00e8re \u00e9tape.<\/p>\n<p>[\/et_pb_text][\/et_pb_column][\/et_pb_row][et_pb_row column_structure=\u00a0\u00bb1_4,1_2,1_4&Prime; use_custom_gutter=\u00a0\u00bbon\u00a0\u00bb gutter_width=\u00a0\u00bb4&Prime; make_equal=\u00a0\u00bbon\u00a0\u00bb _builder_version=\u00a0\u00bb4.8.2&Prime; _module_preset=\u00a0\u00bbdefault\u00a0\u00bb custom_margin=\u00a0\u00bb5px||5px||false|false\u00a0\u00bb custom_padding=\u00a0\u00bb5px||5px||false|false\u00a0\u00bb border_width_all=\u00a0\u00bb2px\u00a0\u00bb box_shadow_style=\u00a0\u00bbpreset1&Prime;][et_pb_column type=\u00a0\u00bb1_4&Prime; _builder_version=\u00a0\u00bb4.8.2&Prime; _module_preset=\u00a0\u00bbdefault\u00a0\u00bb][et_pb_image src=\u00a0\u00bbhttps:\/\/anthony.lepors.fr\/raspi-thermo-cam\/wp-content\/uploads\/2021\/02\/logo-exe-2.jpg\u00a0\u00bb title_text=\u00a0\u00bblogo_exe\u00a0\u00bb align=\u00a0\u00bbcenter\u00a0\u00bb _builder_version=\u00a0\u00bb4.8.2&Prime; _module_preset=\u00a0\u00bbdefault\u00a0\u00bb max_width=\u00a0\u00bb81px\u00a0\u00bb module_alignment=\u00a0\u00bbcenter\u00a0\u00bb max_height=\u00a0\u00bb81px\u00a0\u00bb custom_margin=\u00a0\u00bb0px||0px||false|false\u00a0\u00bb custom_padding=\u00a0\u00bb0px||0px||false|false\u00a0\u00bb][\/et_pb_image][\/et_pb_column][et_pb_column type=\u00a0\u00bb1_2&Prime; _builder_version=\u00a0\u00bb4.8.2&Prime; _module_preset=\u00a0\u00bbdefault\u00a0\u00bb][et_pb_blurb title=\u00a0\u00bbbalenaEtcher\u00a0\u00bb use_icon=\u00a0\u00bbon\u00a0\u00bb font_icon=\u00a0\u00bb%%272%%\u00a0\u00bb icon_placement=\u00a0\u00bbleft\u00a0\u00bb use_icon_font_size=\u00a0\u00bbon\u00a0\u00bb icon_font_size=\u00a0\u00bb48px\u00a0\u00bb _builder_version=\u00a0\u00bb4.8.2&Prime; _module_preset=\u00a0\u00bbdefault\u00a0\u00bb header_font=\u00a0\u00bbOpen Sans||||||||\u00a0\u00bb body_font=\u00a0\u00bbOpen Sans||||||||\u00a0\u00bb body_text_align=\u00a0\u00bbleft\u00a0\u00bb custom_padding=\u00a0\u00bb15px||15px||false|false\u00a0\u00bb]<\/p>\n<p>1 file\u00a0 \u00a0 \u00a0127.29 MB\u00a0 \u00a0 \u00a013\/01\/2021<\/p>\n<p>[\/et_pb_blurb][\/et_pb_column][et_pb_column type=\u00a0\u00bb1_4&Prime; _builder_version=\u00a0\u00bb4.8.2&Prime; _module_preset=\u00a0\u00bbdefault\u00a0\u00bb][et_pb_button button_url=\u00a0\u00bbhttps:\/\/www.balena.io\/etcher\/\u00a0\u00bb url_new_window=\u00a0\u00bbon\u00a0\u00bb button_text=\u00a0\u00bbDOWNLOAD\u00a0\u00bb button_alignment=\u00a0\u00bbleft\u00a0\u00bb _builder_version=\u00a0\u00bb4.8.2&Prime; _module_preset=\u00a0\u00bbdefault\u00a0\u00bb custom_button=\u00a0\u00bbon\u00a0\u00bb button_text_color=\u00a0\u00bb#FFFFFF\u00a0\u00bb button_bg_color=\u00a0\u00bb#ff8080&Prime; button_border_color=\u00a0\u00bb#FFFFFF\u00a0\u00bb button_font=\u00a0\u00bbOpen Sans||||||||\u00a0\u00bb button_icon=\u00a0\u00bb%%209%%\u00a0\u00bb button_icon_color=\u00a0\u00bb#FFFFFF\u00a0\u00bb position_origin_a=\u00a0\u00bbcenter_left\u00a0\u00bb custom_margin=\u00a0\u00bb15px||15px||false|false\u00a0\u00bb][\/et_pb_button][\/et_pb_column][\/et_pb_row][et_pb_row _builder_version=\u00a0\u00bb4.8.2&Prime; _module_preset=\u00a0\u00bbdefault\u00a0\u00bb][et_pb_column type=\u00a0\u00bb4_4&Prime; _builder_version=\u00a0\u00bb4.8.2&Prime; _module_preset=\u00a0\u00bbdefault\u00a0\u00bb][et_pb_image src=\u00a0\u00bbhttps:\/\/anthony.lepors.fr\/raspi-thermo-cam\/wp-content\/uploads\/2021\/02\/Flash-carte-SD-Etcher.png\u00a0\u00bb alt=\u00a0\u00bbFlash de la carte SD avec l&rsquo;OS Raspios Buster du 11\/01\/2021&Prime; title_text=\u00a0\u00bbFlash de la carte SD avec l&rsquo;OS Raspios Buster du 11\/01\/2021&Prime; show_in_lightbox=\u00a0\u00bbon\u00a0\u00bb align=\u00a0\u00bbcenter\u00a0\u00bb _builder_version=\u00a0\u00bb4.8.2&Prime; _module_preset=\u00a0\u00bbdefault\u00a0\u00bb max_width=\u00a0\u00bb65%\u00a0\u00bb box_shadow_style=\u00a0\u00bbpreset1&Prime;][\/et_pb_image][et_pb_text _builder_version=\u00a0\u00bb4.8.2&Prime; _module_preset=\u00a0\u00bbdefault\u00a0\u00bb]<\/p>\n<h2>Premier d\u00e9marrage du Raspberry avec l&rsquo;installation du syst\u00e8me d&rsquo;exploitation<\/h2>\n<p>Une fois le flash termin\u00e9, nous pouvons retirer la carte SD de l&rsquo;ordinateur et il n&rsquo;y a plus qu&rsquo;\u00e0 l&rsquo;ins\u00e9rer dans le Raspberry pour faire le premier d\u00e9marrage.<\/p>\n<p>[\/et_pb_text][et_pb_image src=\u00a0\u00bbhttps:\/\/anthony.lepors.fr\/raspi-thermo-cam\/wp-content\/uploads\/2021\/02\/ecran-accueil.png\u00a0\u00bb alt=\u00a0\u00bbEcran d&rsquo;accueil du Raspberry apr\u00e8s l&rsquo;installation du syst\u00e8me d&rsquo;exploitation\u00a0\u00bb title_text=\u00a0\u00bbEcran d&rsquo;accueil du Raspberry\u00a0\u00bb show_in_lightbox=\u00a0\u00bbon\u00a0\u00bb align=\u00a0\u00bbcenter\u00a0\u00bb _builder_version=\u00a0\u00bb4.8.2&Prime; _module_preset=\u00a0\u00bbdefault\u00a0\u00bb max_width=\u00a0\u00bb60%\u00a0\u00bb box_shadow_style=\u00a0\u00bbpreset1&Prime;][\/et_pb_image][et_pb_text _builder_version=\u00a0\u00bb4.8.2&Prime; _module_preset=\u00a0\u00bbdefault\u00a0\u00bb]<\/p>\n<p>Une fois sur le menu d&rsquo;accueil, nous choisissons la langue du clavier puis d\u00e9terminons un mot de passe. Il s&rsquo;en suit une tr\u00e8s rapide mise \u00e0 jour. Nous pouvons \u00e0 pr\u00e9sent commencer \u00e0 utiliser notre Raspberry dans notre projet.<\/p>\n<p>[\/et_pb_text][\/et_pb_column][\/et_pb_row][\/et_pb_section]<\/p>\n","protected":false},"excerpt":{"rendered":"<p>Comment configurer un Pi pour la premi\u00e8re fois? Nous d\u00e9crivons l&rsquo;installation du syst\u00e8me d&rsquo;exploitation du Raspberry et le premier lancement.<\/p>\n","protected":false},"author":1,"featured_media":354,"parent":0,"menu_order":0,"comment_status":"closed","ping_status":"closed","template":"","meta":{"_et_pb_use_builder":"on","_et_pb_old_content":"","_et_gb_content_width":"","footnotes":""},"class_list":["post-353","page","type-page","status-publish","has-post-thumbnail","hentry"],"yoast_head":"<!-- This site is optimized with the Yoast SEO plugin v27.5 - https:\/\/yoast.com\/product\/yoast-seo-wordpress\/ -->\n<title>Installation d&#039;un syst\u00e8me d&#039;exploitation | Raspberry Pi - Raspi Thermo Cam<\/title>\n<meta name=\"description\" content=\"Comment configurer un Pi pour la premi\u00e8re fois? Nous d\u00e9crivons l&#039;installation du syst\u00e8me d&#039;exploitation du Raspberry et le premier lancement.\" \/>\n<meta name=\"robots\" content=\"index, follow, max-snippet:-1, max-image-preview:large, max-video-preview:-1\" \/>\n<link rel=\"canonical\" href=\"https:\/\/anthony.lepors.fr\/raspi-thermo-cam\/raspberry-installation-systeme-exploitation\/\" \/>\n<meta property=\"og:locale\" content=\"fr_FR\" \/>\n<meta property=\"og:type\" content=\"article\" \/>\n<meta property=\"og:title\" content=\"Installation d&#039;un syst\u00e8me d&#039;exploitation | Raspberry Pi - Raspi Thermo Cam\" \/>\n<meta property=\"og:description\" content=\"Comment configurer un Pi pour la premi\u00e8re fois? Nous d\u00e9crivons l&#039;installation du syst\u00e8me d&#039;exploitation du Raspberry et le premier lancement.\" \/>\n<meta property=\"og:url\" content=\"https:\/\/anthony.lepors.fr\/raspi-thermo-cam\/raspberry-installation-systeme-exploitation\/\" \/>\n<meta property=\"og:site_name\" content=\"Raspi Thermo Cam - Projet Cam\u00e9ra Thermique\" \/>\n<meta property=\"article:modified_time\" content=\"2021-03-03T22:07:18+00:00\" \/>\n<meta property=\"og:image\" content=\"https:\/\/anthony.lepors.fr\/raspi-thermo-cam\/wp-content\/uploads\/2021\/02\/Flash-carte-SD-Etcher.png\" \/>\n\t<meta property=\"og:image:width\" content=\"1605\" \/>\n\t<meta property=\"og:image:height\" content=\"1009\" \/>\n\t<meta property=\"og:image:type\" content=\"image\/png\" \/>\n<meta name=\"twitter:card\" content=\"summary_large_image\" \/>\n<meta name=\"twitter:title\" content=\"Installation d&#039;un syst\u00e8me d&#039;exploitation | Raspberry Pi - Raspi Thermo Cam\" \/>\n<meta name=\"twitter:description\" content=\"Comment configurer un Pi pour la premi\u00e8re fois? Nous d\u00e9crivons l&#039;installation du syst\u00e8me d&#039;exploitation du Raspberry et le premier lancement.\" \/>\n<meta name=\"twitter:image\" content=\"https:\/\/anthony.lepors.fr\/raspi-thermo-cam\/wp-content\/uploads\/2021\/02\/Flash-carte-SD-Etcher.png\" \/>\n<meta name=\"twitter:label1\" content=\"Dur\u00e9e de lecture estim\u00e9e\" \/>\n\t<meta name=\"twitter:data1\" content=\"3 minutes\" \/>\n<script type=\"application\/ld+json\" class=\"yoast-schema-graph\">{\"@context\":\"https:\\\/\\\/schema.org\",\"@graph\":[{\"@type\":\"WebPage\",\"@id\":\"https:\\\/\\\/anthony.lepors.fr\\\/raspi-thermo-cam\\\/raspberry-installation-systeme-exploitation\\\/\",\"url\":\"https:\\\/\\\/anthony.lepors.fr\\\/raspi-thermo-cam\\\/raspberry-installation-systeme-exploitation\\\/\",\"name\":\"Installation d'un syst\u00e8me d'exploitation | Raspberry Pi - Raspi Thermo Cam\",\"isPartOf\":{\"@id\":\"https:\\\/\\\/anthony.lepors.fr\\\/raspi-thermo-cam\\\/#website\"},\"primaryImageOfPage\":{\"@id\":\"https:\\\/\\\/anthony.lepors.fr\\\/raspi-thermo-cam\\\/raspberry-installation-systeme-exploitation\\\/#primaryimage\"},\"image\":{\"@id\":\"https:\\\/\\\/anthony.lepors.fr\\\/raspi-thermo-cam\\\/raspberry-installation-systeme-exploitation\\\/#primaryimage\"},\"thumbnailUrl\":\"https:\\\/\\\/anthony.lepors.fr\\\/raspi-thermo-cam\\\/wp-content\\\/uploads\\\/2021\\\/02\\\/Flash-carte-SD-Etcher.png\",\"datePublished\":\"2021-02-08T11:12:46+00:00\",\"dateModified\":\"2021-03-03T22:07:18+00:00\",\"description\":\"Comment configurer un Pi pour la premi\u00e8re fois? Nous d\u00e9crivons l'installation du syst\u00e8me d'exploitation du Raspberry et le premier lancement.\",\"breadcrumb\":{\"@id\":\"https:\\\/\\\/anthony.lepors.fr\\\/raspi-thermo-cam\\\/raspberry-installation-systeme-exploitation\\\/#breadcrumb\"},\"inLanguage\":\"fr-FR\",\"potentialAction\":[{\"@type\":\"ReadAction\",\"target\":[\"https:\\\/\\\/anthony.lepors.fr\\\/raspi-thermo-cam\\\/raspberry-installation-systeme-exploitation\\\/\"]}]},{\"@type\":\"ImageObject\",\"inLanguage\":\"fr-FR\",\"@id\":\"https:\\\/\\\/anthony.lepors.fr\\\/raspi-thermo-cam\\\/raspberry-installation-systeme-exploitation\\\/#primaryimage\",\"url\":\"https:\\\/\\\/anthony.lepors.fr\\\/raspi-thermo-cam\\\/wp-content\\\/uploads\\\/2021\\\/02\\\/Flash-carte-SD-Etcher.png\",\"contentUrl\":\"https:\\\/\\\/anthony.lepors.fr\\\/raspi-thermo-cam\\\/wp-content\\\/uploads\\\/2021\\\/02\\\/Flash-carte-SD-Etcher.png\",\"width\":1605,\"height\":1009},{\"@type\":\"BreadcrumbList\",\"@id\":\"https:\\\/\\\/anthony.lepors.fr\\\/raspi-thermo-cam\\\/raspberry-installation-systeme-exploitation\\\/#breadcrumb\",\"itemListElement\":[{\"@type\":\"ListItem\",\"position\":1,\"name\":\"Accueil\",\"item\":\"https:\\\/\\\/anthony.lepors.fr\\\/raspi-thermo-cam\\\/\"},{\"@type\":\"ListItem\",\"position\":2,\"name\":\"Installation d&rsquo;un syst\u00e8me d&rsquo;exploitation\"}]},{\"@type\":\"WebSite\",\"@id\":\"https:\\\/\\\/anthony.lepors.fr\\\/raspi-thermo-cam\\\/#website\",\"url\":\"https:\\\/\\\/anthony.lepors.fr\\\/raspi-thermo-cam\\\/\",\"name\":\"Raspi Thermo Cam - Projet Cam\u00e9ra Thermique\",\"description\":\"Site web qui retrace la r\u00e9alisation d&#039;un projet de cam\u00e9ra thermique avec un Raspberry. Nous utilisons le module FLIR Lepton 3.5 avec un Raspberry Pi 400.\",\"publisher\":{\"@id\":\"https:\\\/\\\/anthony.lepors.fr\\\/raspi-thermo-cam\\\/#\\\/schema\\\/person\\\/92186a88d3e51aa770548fabc8d16e06\"},\"potentialAction\":[{\"@type\":\"SearchAction\",\"target\":{\"@type\":\"EntryPoint\",\"urlTemplate\":\"https:\\\/\\\/anthony.lepors.fr\\\/raspi-thermo-cam\\\/?s={search_term_string}\"},\"query-input\":{\"@type\":\"PropertyValueSpecification\",\"valueRequired\":true,\"valueName\":\"search_term_string\"}}],\"inLanguage\":\"fr-FR\"},{\"@type\":[\"Person\",\"Organization\"],\"@id\":\"https:\\\/\\\/anthony.lepors.fr\\\/raspi-thermo-cam\\\/#\\\/schema\\\/person\\\/92186a88d3e51aa770548fabc8d16e06\",\"name\":\"Anthony LE PORS\",\"image\":{\"@type\":\"ImageObject\",\"inLanguage\":\"fr-FR\",\"@id\":\"https:\\\/\\\/secure.gravatar.com\\\/avatar\\\/ff32c3852ab8cee9e1657174d156c802a9f0e1f3a3e0256a92e6ecc810f2383b?s=96&d=mm&r=g\",\"url\":\"https:\\\/\\\/secure.gravatar.com\\\/avatar\\\/ff32c3852ab8cee9e1657174d156c802a9f0e1f3a3e0256a92e6ecc810f2383b?s=96&d=mm&r=g\",\"contentUrl\":\"https:\\\/\\\/secure.gravatar.com\\\/avatar\\\/ff32c3852ab8cee9e1657174d156c802a9f0e1f3a3e0256a92e6ecc810f2383b?s=96&d=mm&r=g\",\"caption\":\"Anthony LE PORS\"},\"logo\":{\"@id\":\"https:\\\/\\\/secure.gravatar.com\\\/avatar\\\/ff32c3852ab8cee9e1657174d156c802a9f0e1f3a3e0256a92e6ecc810f2383b?s=96&d=mm&r=g\"},\"sameAs\":[\"https:\\\/\\\/anthony.lepors.fr\\\/raspi-thermo-cam\"]}]}<\/script>\n<!-- \/ Yoast SEO plugin. -->","yoast_head_json":{"title":"Installation d'un syst\u00e8me d'exploitation | Raspberry Pi - Raspi Thermo Cam","description":"Comment configurer un Pi pour la premi\u00e8re fois? Nous d\u00e9crivons l'installation du syst\u00e8me d'exploitation du Raspberry et le premier lancement.","robots":{"index":"index","follow":"follow","max-snippet":"max-snippet:-1","max-image-preview":"max-image-preview:large","max-video-preview":"max-video-preview:-1"},"canonical":"https:\/\/anthony.lepors.fr\/raspi-thermo-cam\/raspberry-installation-systeme-exploitation\/","og_locale":"fr_FR","og_type":"article","og_title":"Installation d'un syst\u00e8me d'exploitation | Raspberry Pi - Raspi Thermo Cam","og_description":"Comment configurer un Pi pour la premi\u00e8re fois? Nous d\u00e9crivons l'installation du syst\u00e8me d'exploitation du Raspberry et le premier lancement.","og_url":"https:\/\/anthony.lepors.fr\/raspi-thermo-cam\/raspberry-installation-systeme-exploitation\/","og_site_name":"Raspi Thermo Cam - Projet Cam\u00e9ra Thermique","article_modified_time":"2021-03-03T22:07:18+00:00","og_image":[{"width":1605,"height":1009,"url":"https:\/\/anthony.lepors.fr\/raspi-thermo-cam\/wp-content\/uploads\/2021\/02\/Flash-carte-SD-Etcher.png","type":"image\/png"}],"twitter_card":"summary_large_image","twitter_title":"Installation d'un syst\u00e8me d'exploitation | Raspberry Pi - Raspi Thermo Cam","twitter_description":"Comment configurer un Pi pour la premi\u00e8re fois? Nous d\u00e9crivons l'installation du syst\u00e8me d'exploitation du Raspberry et le premier lancement.","twitter_image":"https:\/\/anthony.lepors.fr\/raspi-thermo-cam\/wp-content\/uploads\/2021\/02\/Flash-carte-SD-Etcher.png","twitter_misc":{"Dur\u00e9e de lecture estim\u00e9e":"3 minutes"},"schema":{"@context":"https:\/\/schema.org","@graph":[{"@type":"WebPage","@id":"https:\/\/anthony.lepors.fr\/raspi-thermo-cam\/raspberry-installation-systeme-exploitation\/","url":"https:\/\/anthony.lepors.fr\/raspi-thermo-cam\/raspberry-installation-systeme-exploitation\/","name":"Installation d'un syst\u00e8me d'exploitation | Raspberry Pi - Raspi Thermo Cam","isPartOf":{"@id":"https:\/\/anthony.lepors.fr\/raspi-thermo-cam\/#website"},"primaryImageOfPage":{"@id":"https:\/\/anthony.lepors.fr\/raspi-thermo-cam\/raspberry-installation-systeme-exploitation\/#primaryimage"},"image":{"@id":"https:\/\/anthony.lepors.fr\/raspi-thermo-cam\/raspberry-installation-systeme-exploitation\/#primaryimage"},"thumbnailUrl":"https:\/\/anthony.lepors.fr\/raspi-thermo-cam\/wp-content\/uploads\/2021\/02\/Flash-carte-SD-Etcher.png","datePublished":"2021-02-08T11:12:46+00:00","dateModified":"2021-03-03T22:07:18+00:00","description":"Comment configurer un Pi pour la premi\u00e8re fois? Nous d\u00e9crivons l'installation du syst\u00e8me d'exploitation du Raspberry et le premier lancement.","breadcrumb":{"@id":"https:\/\/anthony.lepors.fr\/raspi-thermo-cam\/raspberry-installation-systeme-exploitation\/#breadcrumb"},"inLanguage":"fr-FR","potentialAction":[{"@type":"ReadAction","target":["https:\/\/anthony.lepors.fr\/raspi-thermo-cam\/raspberry-installation-systeme-exploitation\/"]}]},{"@type":"ImageObject","inLanguage":"fr-FR","@id":"https:\/\/anthony.lepors.fr\/raspi-thermo-cam\/raspberry-installation-systeme-exploitation\/#primaryimage","url":"https:\/\/anthony.lepors.fr\/raspi-thermo-cam\/wp-content\/uploads\/2021\/02\/Flash-carte-SD-Etcher.png","contentUrl":"https:\/\/anthony.lepors.fr\/raspi-thermo-cam\/wp-content\/uploads\/2021\/02\/Flash-carte-SD-Etcher.png","width":1605,"height":1009},{"@type":"BreadcrumbList","@id":"https:\/\/anthony.lepors.fr\/raspi-thermo-cam\/raspberry-installation-systeme-exploitation\/#breadcrumb","itemListElement":[{"@type":"ListItem","position":1,"name":"Accueil","item":"https:\/\/anthony.lepors.fr\/raspi-thermo-cam\/"},{"@type":"ListItem","position":2,"name":"Installation d&rsquo;un syst\u00e8me d&rsquo;exploitation"}]},{"@type":"WebSite","@id":"https:\/\/anthony.lepors.fr\/raspi-thermo-cam\/#website","url":"https:\/\/anthony.lepors.fr\/raspi-thermo-cam\/","name":"Raspi Thermo Cam - Projet Cam\u00e9ra Thermique","description":"Site web qui retrace la r\u00e9alisation d&#039;un projet de cam\u00e9ra thermique avec un Raspberry. Nous utilisons le module FLIR Lepton 3.5 avec un Raspberry Pi 400.","publisher":{"@id":"https:\/\/anthony.lepors.fr\/raspi-thermo-cam\/#\/schema\/person\/92186a88d3e51aa770548fabc8d16e06"},"potentialAction":[{"@type":"SearchAction","target":{"@type":"EntryPoint","urlTemplate":"https:\/\/anthony.lepors.fr\/raspi-thermo-cam\/?s={search_term_string}"},"query-input":{"@type":"PropertyValueSpecification","valueRequired":true,"valueName":"search_term_string"}}],"inLanguage":"fr-FR"},{"@type":["Person","Organization"],"@id":"https:\/\/anthony.lepors.fr\/raspi-thermo-cam\/#\/schema\/person\/92186a88d3e51aa770548fabc8d16e06","name":"Anthony LE PORS","image":{"@type":"ImageObject","inLanguage":"fr-FR","@id":"https:\/\/secure.gravatar.com\/avatar\/ff32c3852ab8cee9e1657174d156c802a9f0e1f3a3e0256a92e6ecc810f2383b?s=96&d=mm&r=g","url":"https:\/\/secure.gravatar.com\/avatar\/ff32c3852ab8cee9e1657174d156c802a9f0e1f3a3e0256a92e6ecc810f2383b?s=96&d=mm&r=g","contentUrl":"https:\/\/secure.gravatar.com\/avatar\/ff32c3852ab8cee9e1657174d156c802a9f0e1f3a3e0256a92e6ecc810f2383b?s=96&d=mm&r=g","caption":"Anthony LE PORS"},"logo":{"@id":"https:\/\/secure.gravatar.com\/avatar\/ff32c3852ab8cee9e1657174d156c802a9f0e1f3a3e0256a92e6ecc810f2383b?s=96&d=mm&r=g"},"sameAs":["https:\/\/anthony.lepors.fr\/raspi-thermo-cam"]}]}},"_links":{"self":[{"href":"https:\/\/anthony.lepors.fr\/raspi-thermo-cam\/wp-json\/wp\/v2\/pages\/353","targetHints":{"allow":["GET"]}}],"collection":[{"href":"https:\/\/anthony.lepors.fr\/raspi-thermo-cam\/wp-json\/wp\/v2\/pages"}],"about":[{"href":"https:\/\/anthony.lepors.fr\/raspi-thermo-cam\/wp-json\/wp\/v2\/types\/page"}],"author":[{"embeddable":true,"href":"https:\/\/anthony.lepors.fr\/raspi-thermo-cam\/wp-json\/wp\/v2\/users\/1"}],"replies":[{"embeddable":true,"href":"https:\/\/anthony.lepors.fr\/raspi-thermo-cam\/wp-json\/wp\/v2\/comments?post=353"}],"version-history":[{"count":0,"href":"https:\/\/anthony.lepors.fr\/raspi-thermo-cam\/wp-json\/wp\/v2\/pages\/353\/revisions"}],"wp:featuredmedia":[{"embeddable":true,"href":"https:\/\/anthony.lepors.fr\/raspi-thermo-cam\/wp-json\/wp\/v2\/media\/354"}],"wp:attachment":[{"href":"https:\/\/anthony.lepors.fr\/raspi-thermo-cam\/wp-json\/wp\/v2\/media?parent=353"}],"curies":[{"name":"wp","href":"https:\/\/api.w.org\/{rel}","templated":true}]}}