{"id":341,"date":"2021-02-08T11:52:57","date_gmt":"2021-02-08T10:52:57","guid":{"rendered":"http:\/\/anthony.lepors.fr\/raspi-thermo-cam\/?page_id=341"},"modified":"2021-03-02T19:37:33","modified_gmt":"2021-03-02T18:37:33","slug":"raspberry-pi-400","status":"publish","type":"page","link":"https:\/\/anthony.lepors.fr\/raspi-thermo-cam\/raspberry-pi-400\/","title":{"rendered":"Raspberry Pi 400"},"content":{"rendered":"<p>[et_pb_section fb_built=\u00a0\u00bb1&Prime; _builder_version=\u00a0\u00bb4.8.2&Prime; _module_preset=\u00a0\u00bbdefault\u00a0\u00bb][et_pb_row _builder_version=\u00a0\u00bb4.8.2&Prime; _module_preset=\u00a0\u00bbdefault\u00a0\u00bb][et_pb_column type=\u00a0\u00bb4_4&Prime; _builder_version=\u00a0\u00bb4.8.2&Prime; _module_preset=\u00a0\u00bbdefault\u00a0\u00bb][et_pb_text _builder_version=\u00a0\u00bb4.8.2&Prime; _module_preset=\u00a0\u00bbdefault\u00a0\u00bb]<\/p>\n<h1>Le Raspberry Pi 400<\/h1>\n<div id=\"comp-jatfdd3y\" class=\"_1Z_nJ\" data-testid=\"richTextElement\">\n<p class=\"font_7\">Lanc\u00e9 en 2013, le Raspberry Pi est un nano ordinateur. La version que nous avons \u00e0 notre disposition pour ce projet est le tout nouveau Raspberry Pi 400, commercialis\u00e9 depuis fin 2020.\u00a0Equip\u00e9 d&rsquo;un processeur ARM v8 64 bits @ 1.8 GHz et\u00a0de 4 Go de RAM, cet ordinateur miniature dispose d&rsquo;une assez bonne puissance. Il est tr\u00e8s diff\u00e9rent des pr\u00e9c\u00e9dents\u00a0mod\u00e8les puisqu&rsquo;il s&rsquo;agit ici d&rsquo;un ordinateur complet int\u00e9gr\u00e9 dans un clavier.<\/p>\n<\/div>\n<p>[\/et_pb_text][et_pb_image src=\u00a0\u00bbhttps:\/\/anthony.lepors.fr\/raspi-thermo-cam\/wp-content\/uploads\/2021\/02\/Raspberry-Pi-400.jpg\u00a0\u00bb alt=\u00a0\u00bbRaspberry Pi 400&Prime; title_text=\u00a0\u00bbRaspberry Pi 400&Prime; show_in_lightbox=\u00a0\u00bbon\u00a0\u00bb _builder_version=\u00a0\u00bb4.8.2&Prime; _module_preset=\u00a0\u00bbdefault\u00a0\u00bb width=\u00a0\u00bb50%\u00a0\u00bb module_alignment=\u00a0\u00bbcenter\u00a0\u00bb custom_margin=\u00a0\u00bb-30px||||false|false\u00a0\u00bb][\/et_pb_image][et_pb_text _builder_version=\u00a0\u00bb4.8.2&Prime; _module_preset=\u00a0\u00bbdefault\u00a0\u00bb]<\/p>\n<h2 class=\"font_7\">Caract\u00e9ristiques du Raspberry Pi 400<\/h2>\n<p class=\"font_7\">Ses caract\u00e9ristiques concernant notamment ses ports sont les suivantes (de la gauche vers la droite)\u00a0:<\/p>\n<ul class=\"font_7\">\n<li>\n<p class=\"font_7\">Module Wi-Fi Dual-band (2.4 GHz et 5.0 GHz) et module Bluetooth 5.0\u00a0BLE<\/p>\n<\/li>\n<li>\n<p class=\"font_7\">Port GPIO \u00e0 40 broches<\/p>\n<\/li>\n<li>\n<p class=\"font_7\">Emplacement pour une carte MicroSD qui contient le syst\u00e8me d&rsquo;exploitation et le stockage des donn\u00e9es<\/p>\n<\/li>\n<li>\n<p class=\"font_7\">2 ports micro HDMI (prend en charge jusqu&rsquo;\u00e0 4Kp60)<\/p>\n<\/li>\n<li>\n<p class=\"font_7\">1 port USB-C pour l&rsquo;alimentation en 5V CC<\/p>\n<\/li>\n<li>\n<p class=\"font_7\">2 ports USB 3.0<\/p>\n<\/li>\n<li>\n<p class=\"font_7\">1 port USB 2.0<\/p>\n<\/li>\n<li>\n<p class=\"font_7\">1 port Gigabit Ethernet<\/p>\n<\/li>\n<li>\n<p class=\"font_7\">1 encoche pour le syst\u00e8me antivol (verrou Kensington)<\/p>\n<\/li>\n<\/ul>\n<p>[\/et_pb_text][et_pb_image src=\u00a0\u00bbhttps:\/\/anthony.lepors.fr\/raspi-thermo-cam\/wp-content\/uploads\/2021\/02\/Raspberry-Pi-400-Caracteristiques.jpg\u00a0\u00bb alt=\u00a0\u00bbCaract\u00e9ristiques du Raspberry Pi 400&Prime; title_text=\u00a0\u00bbCaract\u00e9ristiques du Raspberry Pi 400&Prime; show_in_lightbox=\u00a0\u00bbon\u00a0\u00bb align=\u00a0\u00bbcenter\u00a0\u00bb _builder_version=\u00a0\u00bb4.8.2&Prime; _module_preset=\u00a0\u00bbdefault\u00a0\u00bb max_width=\u00a0\u00bb50%\u00a0\u00bb][\/et_pb_image][et_pb_text _builder_version=\u00a0\u00bb4.8.2&Prime; _module_preset=\u00a0\u00bbdefault\u00a0\u00bb hover_enabled=\u00a0\u00bb0&Prime; sticky_enabled=\u00a0\u00bb0&Prime;]<\/p>\n<h2 class=\"font_7\">Utilisation du Raspberry dans notre projet<\/h2>\n<p class=\"font_7\">Ce mod\u00e8le r\u00e9duit d&rsquo;ordinateur sera le c\u0153ur et le cerveau de notre projet qui est de construire une cam\u00e9ra thermique embarqu\u00e9e. Nous pourrons l&rsquo;utiliser de 2 mani\u00e8res, gr\u00e2ce aux ports USB ou GPIO. En effet, nous allons brancher une carte d&rsquo;interfa\u00e7age USB ou GPIO auquelle nous connecterons le FLIR Lepton 3.5.<\/p>\n<p class=\"font_7\">Le but est donc de r\u00e9cup\u00e9rer par le biais du Raspberry la vid\u00e9o captur\u00e9e par le module Lepton. Cela n\u00e9cessitera donc une installation du syst\u00e8me d&rsquo;exploitation (<a href=\"https:\/\/anthony.lepors.fr\/raspi-thermo-cam\/raspberry-installation-systeme-exploitation\/\">voir page suivante<\/a>), une installation des librairies (pour l&rsquo;USB) ou la mise en place de la connexion (SPI et I2C pour le GPIO) et l&rsquo;installation d&rsquo;un logiciel d&rsquo;exploitation de donn\u00e9es thermiques.<\/p>\n<p class=\"font_7\">Les logiciels que nous avons finalement retenu sont <a href=\"https:\/\/anthony.lepors.fr\/raspi-thermo-cam\/installation-de-parabilisthermal\/\">ParabilisThermal<\/a> pour l&rsquo;USB et <a href=\"https:\/\/anthony.lepors.fr\/raspi-thermo-cam\/installation-de-leptonmodule\/\">LeptonModule<\/a> pour le GPIO. Leur installation est disponible en cliquant sur le lien correspondant.<\/p>\n<p class=\"font_7\">Enfin, il est pratique de prendre en main le Raspberry \u00e0 distance pour le contr\u00f4ler \u00e0 partir d&rsquo;un ordinateur par exemple (<a href=\"https:\/\/anthony.lepors.fr\/raspi-thermo-cam\/raspberry-controle-a-distance\/\">voir page suivante<\/a>). Le Raspberry peut finalement servir de syst\u00e8me embarqu\u00e9, il est alors plus pratique de passer par un autre mod\u00e8le de Raspberry, par exemple le Pi 4.<\/p>\n<p>[\/et_pb_text][\/et_pb_column][\/et_pb_row][\/et_pb_section]<\/p>\n","protected":false},"excerpt":{"rendered":"<p>Dans cette page, vous allez d\u00e9couvrir les caract\u00e9ristiques du Raspberry Pi 400. Sorti fin 2020, ce nano ordinateur est contenu dans un clavier.<\/p>\n","protected":false},"author":1,"featured_media":342,"parent":0,"menu_order":0,"comment_status":"closed","ping_status":"closed","template":"","meta":{"_et_pb_use_builder":"on","_et_pb_old_content":"","_et_gb_content_width":"","footnotes":""},"class_list":["post-341","page","type-page","status-publish","has-post-thumbnail","hentry"],"yoast_head":"<!-- This site is optimized with the Yoast SEO plugin v27.5 - https:\/\/yoast.com\/product\/yoast-seo-wordpress\/ -->\n<title>Raspberry Pi 400 | Raspi Thermo Cam - Projet Cam\u00e9ra Thermique<\/title>\n<meta name=\"description\" content=\"Dans cette page, vous allez d\u00e9couvrir les caract\u00e9ristiques du Raspberry Pi 400. Sorti fin 2020, ce nano ordinateur est contenu dans un clavier.\" \/>\n<meta name=\"robots\" content=\"index, follow, max-snippet:-1, max-image-preview:large, max-video-preview:-1\" \/>\n<link rel=\"canonical\" href=\"https:\/\/anthony.lepors.fr\/raspi-thermo-cam\/raspberry-pi-400\/\" \/>\n<meta property=\"og:locale\" content=\"fr_FR\" \/>\n<meta property=\"og:type\" content=\"article\" \/>\n<meta property=\"og:title\" content=\"Raspberry Pi 400 | Raspi Thermo Cam - Projet Cam\u00e9ra Thermique\" \/>\n<meta property=\"og:description\" content=\"Dans cette page, vous allez d\u00e9couvrir les caract\u00e9ristiques du Raspberry Pi 400. Sorti fin 2020, ce nano ordinateur est contenu dans un clavier.\" \/>\n<meta property=\"og:url\" content=\"https:\/\/anthony.lepors.fr\/raspi-thermo-cam\/raspberry-pi-400\/\" \/>\n<meta property=\"og:site_name\" content=\"Raspi Thermo Cam - Projet Cam\u00e9ra Thermique\" \/>\n<meta property=\"article:modified_time\" content=\"2021-03-02T18:37:33+00:00\" \/>\n<meta property=\"og:image\" content=\"https:\/\/anthony.lepors.fr\/raspi-thermo-cam\/wp-content\/uploads\/2021\/02\/Raspberry-Pi-400.jpg\" \/>\n\t<meta property=\"og:image:width\" content=\"1536\" \/>\n\t<meta property=\"og:image:height\" content=\"1097\" \/>\n\t<meta property=\"og:image:type\" content=\"image\/jpeg\" \/>\n<meta name=\"twitter:card\" content=\"summary_large_image\" \/>\n<meta name=\"twitter:description\" content=\"Dans cette page, vous allez d\u00e9couvrir les caract\u00e9ristiques du Raspberry Pi 400. Sorti fin 2020, ce nano ordinateur est contenu dans un clavier.\" \/>\n<meta name=\"twitter:label1\" content=\"Dur\u00e9e de lecture estim\u00e9e\" \/>\n\t<meta name=\"twitter:data1\" content=\"2 minutes\" \/>\n<script type=\"application\/ld+json\" class=\"yoast-schema-graph\">{\"@context\":\"https:\\\/\\\/schema.org\",\"@graph\":[{\"@type\":\"WebPage\",\"@id\":\"https:\\\/\\\/anthony.lepors.fr\\\/raspi-thermo-cam\\\/raspberry-pi-400\\\/\",\"url\":\"https:\\\/\\\/anthony.lepors.fr\\\/raspi-thermo-cam\\\/raspberry-pi-400\\\/\",\"name\":\"Raspberry Pi 400 | Raspi Thermo Cam - Projet Cam\u00e9ra Thermique\",\"isPartOf\":{\"@id\":\"https:\\\/\\\/anthony.lepors.fr\\\/raspi-thermo-cam\\\/#website\"},\"primaryImageOfPage\":{\"@id\":\"https:\\\/\\\/anthony.lepors.fr\\\/raspi-thermo-cam\\\/raspberry-pi-400\\\/#primaryimage\"},\"image\":{\"@id\":\"https:\\\/\\\/anthony.lepors.fr\\\/raspi-thermo-cam\\\/raspberry-pi-400\\\/#primaryimage\"},\"thumbnailUrl\":\"https:\\\/\\\/anthony.lepors.fr\\\/raspi-thermo-cam\\\/wp-content\\\/uploads\\\/2021\\\/02\\\/Raspberry-Pi-400.jpg\",\"datePublished\":\"2021-02-08T10:52:57+00:00\",\"dateModified\":\"2021-03-02T18:37:33+00:00\",\"description\":\"Dans cette page, vous allez d\u00e9couvrir les caract\u00e9ristiques du Raspberry Pi 400. Sorti fin 2020, ce nano ordinateur est contenu dans un clavier.\",\"breadcrumb\":{\"@id\":\"https:\\\/\\\/anthony.lepors.fr\\\/raspi-thermo-cam\\\/raspberry-pi-400\\\/#breadcrumb\"},\"inLanguage\":\"fr-FR\",\"potentialAction\":[{\"@type\":\"ReadAction\",\"target\":[\"https:\\\/\\\/anthony.lepors.fr\\\/raspi-thermo-cam\\\/raspberry-pi-400\\\/\"]}]},{\"@type\":\"ImageObject\",\"inLanguage\":\"fr-FR\",\"@id\":\"https:\\\/\\\/anthony.lepors.fr\\\/raspi-thermo-cam\\\/raspberry-pi-400\\\/#primaryimage\",\"url\":\"https:\\\/\\\/anthony.lepors.fr\\\/raspi-thermo-cam\\\/wp-content\\\/uploads\\\/2021\\\/02\\\/Raspberry-Pi-400.jpg\",\"contentUrl\":\"https:\\\/\\\/anthony.lepors.fr\\\/raspi-thermo-cam\\\/wp-content\\\/uploads\\\/2021\\\/02\\\/Raspberry-Pi-400.jpg\",\"width\":1536,\"height\":1097},{\"@type\":\"BreadcrumbList\",\"@id\":\"https:\\\/\\\/anthony.lepors.fr\\\/raspi-thermo-cam\\\/raspberry-pi-400\\\/#breadcrumb\",\"itemListElement\":[{\"@type\":\"ListItem\",\"position\":1,\"name\":\"Accueil\",\"item\":\"https:\\\/\\\/anthony.lepors.fr\\\/raspi-thermo-cam\\\/\"},{\"@type\":\"ListItem\",\"position\":2,\"name\":\"Raspberry Pi 400\"}]},{\"@type\":\"WebSite\",\"@id\":\"https:\\\/\\\/anthony.lepors.fr\\\/raspi-thermo-cam\\\/#website\",\"url\":\"https:\\\/\\\/anthony.lepors.fr\\\/raspi-thermo-cam\\\/\",\"name\":\"Raspi Thermo Cam - Projet Cam\u00e9ra Thermique\",\"description\":\"Site web qui retrace la r\u00e9alisation d&#039;un projet de cam\u00e9ra thermique avec un Raspberry. Nous utilisons le module FLIR Lepton 3.5 avec un Raspberry Pi 400.\",\"publisher\":{\"@id\":\"https:\\\/\\\/anthony.lepors.fr\\\/raspi-thermo-cam\\\/#\\\/schema\\\/person\\\/92186a88d3e51aa770548fabc8d16e06\"},\"potentialAction\":[{\"@type\":\"SearchAction\",\"target\":{\"@type\":\"EntryPoint\",\"urlTemplate\":\"https:\\\/\\\/anthony.lepors.fr\\\/raspi-thermo-cam\\\/?s={search_term_string}\"},\"query-input\":{\"@type\":\"PropertyValueSpecification\",\"valueRequired\":true,\"valueName\":\"search_term_string\"}}],\"inLanguage\":\"fr-FR\"},{\"@type\":[\"Person\",\"Organization\"],\"@id\":\"https:\\\/\\\/anthony.lepors.fr\\\/raspi-thermo-cam\\\/#\\\/schema\\\/person\\\/92186a88d3e51aa770548fabc8d16e06\",\"name\":\"Anthony LE PORS\",\"image\":{\"@type\":\"ImageObject\",\"inLanguage\":\"fr-FR\",\"@id\":\"https:\\\/\\\/secure.gravatar.com\\\/avatar\\\/ff32c3852ab8cee9e1657174d156c802a9f0e1f3a3e0256a92e6ecc810f2383b?s=96&d=mm&r=g\",\"url\":\"https:\\\/\\\/secure.gravatar.com\\\/avatar\\\/ff32c3852ab8cee9e1657174d156c802a9f0e1f3a3e0256a92e6ecc810f2383b?s=96&d=mm&r=g\",\"contentUrl\":\"https:\\\/\\\/secure.gravatar.com\\\/avatar\\\/ff32c3852ab8cee9e1657174d156c802a9f0e1f3a3e0256a92e6ecc810f2383b?s=96&d=mm&r=g\",\"caption\":\"Anthony LE PORS\"},\"logo\":{\"@id\":\"https:\\\/\\\/secure.gravatar.com\\\/avatar\\\/ff32c3852ab8cee9e1657174d156c802a9f0e1f3a3e0256a92e6ecc810f2383b?s=96&d=mm&r=g\"},\"sameAs\":[\"https:\\\/\\\/anthony.lepors.fr\\\/raspi-thermo-cam\"]}]}<\/script>\n<!-- \/ Yoast SEO plugin. -->","yoast_head_json":{"title":"Raspberry Pi 400 | Raspi Thermo Cam - Projet Cam\u00e9ra Thermique","description":"Dans cette page, vous allez d\u00e9couvrir les caract\u00e9ristiques du Raspberry Pi 400. Sorti fin 2020, ce nano ordinateur est contenu dans un clavier.","robots":{"index":"index","follow":"follow","max-snippet":"max-snippet:-1","max-image-preview":"max-image-preview:large","max-video-preview":"max-video-preview:-1"},"canonical":"https:\/\/anthony.lepors.fr\/raspi-thermo-cam\/raspberry-pi-400\/","og_locale":"fr_FR","og_type":"article","og_title":"Raspberry Pi 400 | Raspi Thermo Cam - Projet Cam\u00e9ra Thermique","og_description":"Dans cette page, vous allez d\u00e9couvrir les caract\u00e9ristiques du Raspberry Pi 400. Sorti fin 2020, ce nano ordinateur est contenu dans un clavier.","og_url":"https:\/\/anthony.lepors.fr\/raspi-thermo-cam\/raspberry-pi-400\/","og_site_name":"Raspi Thermo Cam - Projet Cam\u00e9ra Thermique","article_modified_time":"2021-03-02T18:37:33+00:00","og_image":[{"width":1536,"height":1097,"url":"https:\/\/anthony.lepors.fr\/raspi-thermo-cam\/wp-content\/uploads\/2021\/02\/Raspberry-Pi-400.jpg","type":"image\/jpeg"}],"twitter_card":"summary_large_image","twitter_description":"Dans cette page, vous allez d\u00e9couvrir les caract\u00e9ristiques du Raspberry Pi 400. Sorti fin 2020, ce nano ordinateur est contenu dans un clavier.","twitter_misc":{"Dur\u00e9e de lecture estim\u00e9e":"2 minutes"},"schema":{"@context":"https:\/\/schema.org","@graph":[{"@type":"WebPage","@id":"https:\/\/anthony.lepors.fr\/raspi-thermo-cam\/raspberry-pi-400\/","url":"https:\/\/anthony.lepors.fr\/raspi-thermo-cam\/raspberry-pi-400\/","name":"Raspberry Pi 400 | Raspi Thermo Cam - Projet Cam\u00e9ra Thermique","isPartOf":{"@id":"https:\/\/anthony.lepors.fr\/raspi-thermo-cam\/#website"},"primaryImageOfPage":{"@id":"https:\/\/anthony.lepors.fr\/raspi-thermo-cam\/raspberry-pi-400\/#primaryimage"},"image":{"@id":"https:\/\/anthony.lepors.fr\/raspi-thermo-cam\/raspberry-pi-400\/#primaryimage"},"thumbnailUrl":"https:\/\/anthony.lepors.fr\/raspi-thermo-cam\/wp-content\/uploads\/2021\/02\/Raspberry-Pi-400.jpg","datePublished":"2021-02-08T10:52:57+00:00","dateModified":"2021-03-02T18:37:33+00:00","description":"Dans cette page, vous allez d\u00e9couvrir les caract\u00e9ristiques du Raspberry Pi 400. Sorti fin 2020, ce nano ordinateur est contenu dans un clavier.","breadcrumb":{"@id":"https:\/\/anthony.lepors.fr\/raspi-thermo-cam\/raspberry-pi-400\/#breadcrumb"},"inLanguage":"fr-FR","potentialAction":[{"@type":"ReadAction","target":["https:\/\/anthony.lepors.fr\/raspi-thermo-cam\/raspberry-pi-400\/"]}]},{"@type":"ImageObject","inLanguage":"fr-FR","@id":"https:\/\/anthony.lepors.fr\/raspi-thermo-cam\/raspberry-pi-400\/#primaryimage","url":"https:\/\/anthony.lepors.fr\/raspi-thermo-cam\/wp-content\/uploads\/2021\/02\/Raspberry-Pi-400.jpg","contentUrl":"https:\/\/anthony.lepors.fr\/raspi-thermo-cam\/wp-content\/uploads\/2021\/02\/Raspberry-Pi-400.jpg","width":1536,"height":1097},{"@type":"BreadcrumbList","@id":"https:\/\/anthony.lepors.fr\/raspi-thermo-cam\/raspberry-pi-400\/#breadcrumb","itemListElement":[{"@type":"ListItem","position":1,"name":"Accueil","item":"https:\/\/anthony.lepors.fr\/raspi-thermo-cam\/"},{"@type":"ListItem","position":2,"name":"Raspberry Pi 400"}]},{"@type":"WebSite","@id":"https:\/\/anthony.lepors.fr\/raspi-thermo-cam\/#website","url":"https:\/\/anthony.lepors.fr\/raspi-thermo-cam\/","name":"Raspi Thermo Cam - Projet Cam\u00e9ra Thermique","description":"Site web qui retrace la r\u00e9alisation d&#039;un projet de cam\u00e9ra thermique avec un Raspberry. Nous utilisons le module FLIR Lepton 3.5 avec un Raspberry Pi 400.","publisher":{"@id":"https:\/\/anthony.lepors.fr\/raspi-thermo-cam\/#\/schema\/person\/92186a88d3e51aa770548fabc8d16e06"},"potentialAction":[{"@type":"SearchAction","target":{"@type":"EntryPoint","urlTemplate":"https:\/\/anthony.lepors.fr\/raspi-thermo-cam\/?s={search_term_string}"},"query-input":{"@type":"PropertyValueSpecification","valueRequired":true,"valueName":"search_term_string"}}],"inLanguage":"fr-FR"},{"@type":["Person","Organization"],"@id":"https:\/\/anthony.lepors.fr\/raspi-thermo-cam\/#\/schema\/person\/92186a88d3e51aa770548fabc8d16e06","name":"Anthony LE PORS","image":{"@type":"ImageObject","inLanguage":"fr-FR","@id":"https:\/\/secure.gravatar.com\/avatar\/ff32c3852ab8cee9e1657174d156c802a9f0e1f3a3e0256a92e6ecc810f2383b?s=96&d=mm&r=g","url":"https:\/\/secure.gravatar.com\/avatar\/ff32c3852ab8cee9e1657174d156c802a9f0e1f3a3e0256a92e6ecc810f2383b?s=96&d=mm&r=g","contentUrl":"https:\/\/secure.gravatar.com\/avatar\/ff32c3852ab8cee9e1657174d156c802a9f0e1f3a3e0256a92e6ecc810f2383b?s=96&d=mm&r=g","caption":"Anthony LE PORS"},"logo":{"@id":"https:\/\/secure.gravatar.com\/avatar\/ff32c3852ab8cee9e1657174d156c802a9f0e1f3a3e0256a92e6ecc810f2383b?s=96&d=mm&r=g"},"sameAs":["https:\/\/anthony.lepors.fr\/raspi-thermo-cam"]}]}},"_links":{"self":[{"href":"https:\/\/anthony.lepors.fr\/raspi-thermo-cam\/wp-json\/wp\/v2\/pages\/341","targetHints":{"allow":["GET"]}}],"collection":[{"href":"https:\/\/anthony.lepors.fr\/raspi-thermo-cam\/wp-json\/wp\/v2\/pages"}],"about":[{"href":"https:\/\/anthony.lepors.fr\/raspi-thermo-cam\/wp-json\/wp\/v2\/types\/page"}],"author":[{"embeddable":true,"href":"https:\/\/anthony.lepors.fr\/raspi-thermo-cam\/wp-json\/wp\/v2\/users\/1"}],"replies":[{"embeddable":true,"href":"https:\/\/anthony.lepors.fr\/raspi-thermo-cam\/wp-json\/wp\/v2\/comments?post=341"}],"version-history":[{"count":0,"href":"https:\/\/anthony.lepors.fr\/raspi-thermo-cam\/wp-json\/wp\/v2\/pages\/341\/revisions"}],"wp:featuredmedia":[{"embeddable":true,"href":"https:\/\/anthony.lepors.fr\/raspi-thermo-cam\/wp-json\/wp\/v2\/media\/342"}],"wp:attachment":[{"href":"https:\/\/anthony.lepors.fr\/raspi-thermo-cam\/wp-json\/wp\/v2\/media?parent=341"}],"curies":[{"name":"wp","href":"https:\/\/api.w.org\/{rel}","templated":true}]}}