{"id":336,"date":"2021-02-08T11:55:48","date_gmt":"2021-02-08T10:55:48","guid":{"rendered":"http:\/\/anthony.lepors.fr\/raspi-thermo-cam\/?page_id=336"},"modified":"2022-02-08T19:13:43","modified_gmt":"2022-02-08T18:13:43","slug":"purethermal-2","status":"publish","type":"page","link":"https:\/\/anthony.lepors.fr\/raspi-thermo-cam\/purethermal-2\/","title":{"rendered":"PureThermal-2"},"content":{"rendered":"<p>[et_pb_section fb_built=\u00a0\u00bb1&Prime; _builder_version=\u00a0\u00bb4.8.2&Prime; _module_preset=\u00a0\u00bbdefault\u00a0\u00bb global_colors_info=\u00a0\u00bb{}\u00a0\u00bb theme_builder_area=\u00a0\u00bbpost_content\u00a0\u00bb][et_pb_row _builder_version=\u00a0\u00bb4.8.2&Prime; _module_preset=\u00a0\u00bbdefault\u00a0\u00bb global_colors_info=\u00a0\u00bb{}\u00a0\u00bb theme_builder_area=\u00a0\u00bbpost_content\u00a0\u00bb][et_pb_column type=\u00a0\u00bb4_4&Prime; _builder_version=\u00a0\u00bb4.8.2&Prime; _module_preset=\u00a0\u00bbdefault\u00a0\u00bb global_colors_info=\u00a0\u00bb{}\u00a0\u00bb theme_builder_area=\u00a0\u00bbpost_content\u00a0\u00bb][et_pb_text _builder_version=\u00a0\u00bb4.8.2&Prime; _module_preset=\u00a0\u00bbdefault\u00a0\u00bb global_colors_info=\u00a0\u00bb{}\u00a0\u00bb theme_builder_area=\u00a0\u00bbpost_content\u00a0\u00bb]<\/p>\n<h1>La carte d&rsquo;interfa\u00e7age USB PureThermal-2<\/h1>\n<p>Le PureThermal-2 est une carte d&rsquo;interfa\u00e7age USB con\u00e7ue par GroupGets pour s&rsquo;adapter aux modules FLIR Lepton 2 et 3. C&rsquo;est en reprenant les principes de la carte d&rsquo;interfa\u00e7age GPIO d\u00e9velopp\u00e9e par la marque FLIR Lepton (<a href=\"https:\/\/anthony.lepors.fr\/raspi-thermo-cam\/flir-breakout-board-v2\/\">voir ici<\/a>) que cette carte se pr\u00e9sente sous la forme d&rsquo;une connexion USB. Il faut pour cela se munir d&rsquo;un c\u00e2ble micro USB.<\/p>\n<p>[\/et_pb_text][et_pb_image src=\u00a0\u00bbhttps:\/\/anthony.lepors.fr\/raspi-thermo-cam\/wp-content\/uploads\/2021\/02\/purethermal-2.jpeg\u00a0\u00bb alt=\u00a0\u00bbCarte d&rsquo;interfa\u00e7age USB PureThermal-2&Prime; title_text=\u00a0\u00bbPureThermal-2&Prime; show_in_lightbox=\u00a0\u00bbon\u00a0\u00bb align=\u00a0\u00bbcenter\u00a0\u00bb _builder_version=\u00a0\u00bb4.8.2&Prime; _module_preset=\u00a0\u00bbdefault\u00a0\u00bb width=\u00a0\u00bb40%\u00a0\u00bb custom_margin=\u00a0\u00bb-30px||||false|false\u00a0\u00bb global_colors_info=\u00a0\u00bb{}\u00a0\u00bb theme_builder_area=\u00a0\u00bbpost_content\u00a0\u00bb][\/et_pb_image][et_pb_text _builder_version=\u00a0\u00bb4.14.7&Prime; _module_preset=\u00a0\u00bbdefault\u00a0\u00bb custom_margin=\u00a0\u00bb-35px||||false|false\u00a0\u00bb hover_enabled=\u00a0\u00bb0&Prime; locked=\u00a0\u00bboff\u00a0\u00bb global_colors_info=\u00a0\u00bb{}\u00a0\u00bb theme_builder_area=\u00a0\u00bbpost_content\u00a0\u00bb sticky_enabled=\u00a0\u00bb0&Prime;]<\/p>\n<h2>Caract\u00e9ristiques de la carte PureThermal-2<\/h2>\n<p>Les principales caract\u00e9ristiques de la carte d&rsquo;interfa\u00e7age USB sont les suivantes :<\/p>\n<p>&nbsp;<\/p>\n<table style=\"width: 100%; background-color: #efefef; border-color: #ffffff;\">\n<tbody>\n<tr style=\"border-color: #ffffff;\">\n<td style=\"width: 108px; vertical-align: middle; height: 10px;\"><\/td>\n<td style=\"width: 185px; vertical-align: middle; text-align: right; height: 10px;\"><\/td>\n<\/tr>\n<tr style=\"border-color: #ffffff;\">\n<td style=\"width: 108px; vertical-align: middle; height: 72px;\">Couleur vid\u00e9o<\/td>\n<td style=\"width: 185px; vertical-align: middle; text-align: right; height: 72px;\">9 Hz sur USB\u00a0 en utilisant la classe USB UVC<\/td>\n<\/tr>\n<tr style=\"border-color: #ffffff;\">\n<td style=\"border-color: #ffffff; vertical-align: middle; height: 72px;\">Microprocesseur<\/td>\n<td style=\"border-color: #ffffff; vertical-align: middle; text-align: right; height: 72px;\">ARM STM32F412. Peut ex\u00e9cuter un traitement d&rsquo;image embarqu\u00e9.<\/td>\n<\/tr>\n<tr style=\"border-color: #ffffff;\">\n<td style=\"border-color: #ffffff; vertical-align: middle; height: 96px;\">Mise \u00e0 niveau<\/td>\n<td style=\"border-color: #ffffff; vertical-align: middle; text-align: right; height: 96px;\">Micrologiciel du p\u00e9riph\u00e9rique (DFU) du MCU STM32 ARM via USB<\/td>\n<\/tr>\n<tr style=\"border-color: #ffffff;\">\n<td style=\"border-color: #ffffff; vertical-align: middle; height: 24px;\">Alimentation<\/td>\n<td style=\"border-color: #ffffff; vertical-align: middle; text-align: right; height: 24px;\">USB<\/td>\n<\/tr>\n<tr style=\"border-color: #ffffff;\">\n<td style=\"border-color: #ffffff; height: 72px;\">Extensions<\/td>\n<td style=\"border-color: #ffffff; text-align: right; height: 72px;\">UART, I2C et GPIO via des trous standards de 0,25 cm<\/td>\n<\/tr>\n<tr style=\"border-color: #ffffff;\">\n<td style=\"border-color: #ffffff; height: 48px;\">Compatibilit\u00e9<\/td>\n<td style=\"border-color: #ffffff; text-align: right; height: 48px;\">Tous les modules 2.x et 3.x de Lepton actuels<\/td>\n<\/tr>\n<tr style=\"border-color: #ffffff;\">\n<td style=\"border-color: #ffffff; height: 24px;\">Dimensions<\/td>\n<td style=\"border-color: #ffffff; text-align: right; height: 24px;\">30 mm * 22 mm<\/td>\n<\/tr>\n<tr style=\"border-color: #ffffff;\">\n<td style=\"width: 108px; height: 0px;\"><\/td>\n<td style=\"width: 185px; height: 0px;\"><\/td>\n<\/tr>\n<\/tbody>\n<\/table>\n<p>[\/et_pb_text][et_pb_text _builder_version=\u00a0\u00bb4.8.2&Prime; _module_preset=\u00a0\u00bbdefault\u00a0\u00bb global_colors_info=\u00a0\u00bb{}\u00a0\u00bb theme_builder_area=\u00a0\u00bbpost_content\u00a0\u00bb]<\/p>\n<h2>Utilisation de la carte PureThermal-2<\/h2>\n<p>Le c\u00f4t\u00e9 tr\u00e8s pratique de l&rsquo;interfa\u00e7age USB, c&rsquo;est la possibilit\u00e9 d&rsquo;adapter l&rsquo;utilisation du module de cam\u00e9ra thermique \u00e0 de nombreux syst\u00e8mes. De plus, il est tr\u00e8s pratique d&rsquo;utiliser cette carte puisqu&rsquo;il suffit de brancher le module FLIR Lepton sur l&#8217;emplacement pr\u00e9vu \u00e0 cet effet puis brancher la carte d&rsquo;interfa\u00e7age au port USB du syst\u00e8me, par exemple un PC Windows ou un Raspberry.<\/p>\n<p>Dans un premier temps, sur un Raspberry, nous avons utilis\u00e9 cette carte en installant 2 logiciels qui fonctionnent tous les 2 tr\u00e8s bien. Ce sont <a href=\"https:\/\/anthony.lepors.fr\/raspi-thermo-cam\/installation-de-getthermal\/\">GetThermal<\/a> et <a href=\"https:\/\/anthony.lepors.fr\/raspi-thermo-cam\/installation-de-parabilisthermal\/\">ParabilisThermal<\/a>. Le second offre plus de possibilit\u00e9s avec l&rsquo;enregistrement de vid\u00e9os et leur relecture avec traitement.<\/p>\n<p>Ensuite, c&rsquo;\u00e9tait pratique pour nous de la brancher sur un PC Windows qui \u00e9mulait un Raspberry en virtuel. Aussi, il existe le logiciel FLIR Lepton User App qui permet de r\u00e9cup\u00e9rer le flux vid\u00e9o thermique simplement en branchant la cam\u00e9ra et en installant le logiciel.<\/p>\n<p>Cependant, l&rsquo;utilisation d&rsquo;un p\u00e9riph\u00e9rique implique l&rsquo;installation de pilotes et de drivers pour reconna\u00eetre le dispositif. Nous avons rencontr\u00e9 quelques probl\u00e8mes avec la compilation des LibUSB et LibUVC sur Windows (<a href=\"https:\/\/anthony.lepors.fr\/raspi-thermo-cam\/compilation-libusb-libuvc-msys2\/\">voir page suivante<\/a>), le p\u00e9riph\u00e9rique \u00e9tait reconnu mais non support\u00e9. Bien que cette carte soit pratique, nous pr\u00e9f\u00e9rons donc finalement l&rsquo;utilisation de la carte d&rsquo;interfa\u00e7age GPIO qui permet un meilleur contr\u00f4le de nos actions.<\/p>\n<p>[\/et_pb_text][\/et_pb_column][\/et_pb_row][\/et_pb_section]<\/p>\n","protected":false},"excerpt":{"rendered":"<p>Caract\u00e9ristiques de la carte d&rsquo;interfa\u00e7age USB PureThermal-2 de GroupGets. Elle permet de brancher un module FLIR Lepton en USB.<\/p>\n","protected":false},"author":1,"featured_media":337,"parent":0,"menu_order":0,"comment_status":"closed","ping_status":"closed","template":"","meta":{"_et_pb_use_builder":"on","_et_pb_old_content":"","_et_gb_content_width":"","footnotes":""},"class_list":["post-336","page","type-page","status-publish","has-post-thumbnail","hentry"],"yoast_head":"<!-- This site is optimized with the Yoast SEO plugin v27.5 - https:\/\/yoast.com\/product\/yoast-seo-wordpress\/ -->\n<title>PureThermal-2 | Raspi Thermo Cam - Projet Cam\u00e9ra Thermique<\/title>\n<meta name=\"description\" content=\"Caract\u00e9ristiques de la carte d&#039;interfa\u00e7age USB PureThermal-2 de GroupGets. Elle permet de brancher un module FLIR Lepton en USB.\" \/>\n<meta name=\"robots\" content=\"index, follow, max-snippet:-1, max-image-preview:large, max-video-preview:-1\" \/>\n<link rel=\"canonical\" href=\"https:\/\/anthony.lepors.fr\/raspi-thermo-cam\/purethermal-2\/\" \/>\n<meta property=\"og:locale\" content=\"fr_FR\" \/>\n<meta property=\"og:type\" content=\"article\" \/>\n<meta property=\"og:title\" content=\"PureThermal-2 | Raspi Thermo Cam - Projet Cam\u00e9ra Thermique\" \/>\n<meta property=\"og:description\" content=\"Caract\u00e9ristiques de la carte d&#039;interfa\u00e7age USB PureThermal-2 de GroupGets. Elle permet de brancher un module FLIR Lepton en USB.\" \/>\n<meta property=\"og:url\" content=\"https:\/\/anthony.lepors.fr\/raspi-thermo-cam\/purethermal-2\/\" \/>\n<meta property=\"og:site_name\" content=\"Raspi Thermo Cam - Projet Cam\u00e9ra Thermique\" \/>\n<meta property=\"article:modified_time\" content=\"2022-02-08T18:13:43+00:00\" \/>\n<meta property=\"og:image\" content=\"https:\/\/anthony.lepors.fr\/raspi-thermo-cam\/wp-content\/uploads\/2021\/02\/purethermal-2.jpeg\" \/>\n\t<meta property=\"og:image:width\" content=\"600\" \/>\n\t<meta property=\"og:image:height\" content=\"600\" \/>\n\t<meta property=\"og:image:type\" content=\"image\/jpeg\" \/>\n<meta name=\"twitter:card\" content=\"summary_large_image\" \/>\n<meta name=\"twitter:description\" content=\"Caract\u00e9ristiques de la carte d&#039;interfa\u00e7age USB PureThermal-2 de GroupGets. Elle permet de brancher un module FLIR Lepton en USB.\" \/>\n<meta name=\"twitter:label1\" content=\"Dur\u00e9e de lecture estim\u00e9e\" \/>\n\t<meta name=\"twitter:data1\" content=\"2 minutes\" \/>\n<script type=\"application\/ld+json\" class=\"yoast-schema-graph\">{\"@context\":\"https:\\\/\\\/schema.org\",\"@graph\":[{\"@type\":\"WebPage\",\"@id\":\"https:\\\/\\\/anthony.lepors.fr\\\/raspi-thermo-cam\\\/purethermal-2\\\/\",\"url\":\"https:\\\/\\\/anthony.lepors.fr\\\/raspi-thermo-cam\\\/purethermal-2\\\/\",\"name\":\"PureThermal-2 | Raspi Thermo Cam - Projet Cam\u00e9ra Thermique\",\"isPartOf\":{\"@id\":\"https:\\\/\\\/anthony.lepors.fr\\\/raspi-thermo-cam\\\/#website\"},\"primaryImageOfPage\":{\"@id\":\"https:\\\/\\\/anthony.lepors.fr\\\/raspi-thermo-cam\\\/purethermal-2\\\/#primaryimage\"},\"image\":{\"@id\":\"https:\\\/\\\/anthony.lepors.fr\\\/raspi-thermo-cam\\\/purethermal-2\\\/#primaryimage\"},\"thumbnailUrl\":\"https:\\\/\\\/anthony.lepors.fr\\\/raspi-thermo-cam\\\/wp-content\\\/uploads\\\/2021\\\/02\\\/purethermal-2.jpeg\",\"datePublished\":\"2021-02-08T10:55:48+00:00\",\"dateModified\":\"2022-02-08T18:13:43+00:00\",\"description\":\"Caract\u00e9ristiques de la carte d'interfa\u00e7age USB PureThermal-2 de GroupGets. Elle permet de brancher un module FLIR Lepton en USB.\",\"breadcrumb\":{\"@id\":\"https:\\\/\\\/anthony.lepors.fr\\\/raspi-thermo-cam\\\/purethermal-2\\\/#breadcrumb\"},\"inLanguage\":\"fr-FR\",\"potentialAction\":[{\"@type\":\"ReadAction\",\"target\":[\"https:\\\/\\\/anthony.lepors.fr\\\/raspi-thermo-cam\\\/purethermal-2\\\/\"]}]},{\"@type\":\"ImageObject\",\"inLanguage\":\"fr-FR\",\"@id\":\"https:\\\/\\\/anthony.lepors.fr\\\/raspi-thermo-cam\\\/purethermal-2\\\/#primaryimage\",\"url\":\"https:\\\/\\\/anthony.lepors.fr\\\/raspi-thermo-cam\\\/wp-content\\\/uploads\\\/2021\\\/02\\\/purethermal-2.jpeg\",\"contentUrl\":\"https:\\\/\\\/anthony.lepors.fr\\\/raspi-thermo-cam\\\/wp-content\\\/uploads\\\/2021\\\/02\\\/purethermal-2.jpeg\",\"width\":600,\"height\":600,\"caption\":\"Carte d'interfa\u00e7age USB PureThermal-2\"},{\"@type\":\"BreadcrumbList\",\"@id\":\"https:\\\/\\\/anthony.lepors.fr\\\/raspi-thermo-cam\\\/purethermal-2\\\/#breadcrumb\",\"itemListElement\":[{\"@type\":\"ListItem\",\"position\":1,\"name\":\"Accueil\",\"item\":\"https:\\\/\\\/anthony.lepors.fr\\\/raspi-thermo-cam\\\/\"},{\"@type\":\"ListItem\",\"position\":2,\"name\":\"PureThermal-2\"}]},{\"@type\":\"WebSite\",\"@id\":\"https:\\\/\\\/anthony.lepors.fr\\\/raspi-thermo-cam\\\/#website\",\"url\":\"https:\\\/\\\/anthony.lepors.fr\\\/raspi-thermo-cam\\\/\",\"name\":\"Raspi Thermo Cam - Projet Cam\u00e9ra Thermique\",\"description\":\"Site web qui retrace la r\u00e9alisation d&#039;un projet de cam\u00e9ra thermique avec un Raspberry. Nous utilisons le module FLIR Lepton 3.5 avec un Raspberry Pi 400.\",\"publisher\":{\"@id\":\"https:\\\/\\\/anthony.lepors.fr\\\/raspi-thermo-cam\\\/#\\\/schema\\\/person\\\/92186a88d3e51aa770548fabc8d16e06\"},\"potentialAction\":[{\"@type\":\"SearchAction\",\"target\":{\"@type\":\"EntryPoint\",\"urlTemplate\":\"https:\\\/\\\/anthony.lepors.fr\\\/raspi-thermo-cam\\\/?s={search_term_string}\"},\"query-input\":{\"@type\":\"PropertyValueSpecification\",\"valueRequired\":true,\"valueName\":\"search_term_string\"}}],\"inLanguage\":\"fr-FR\"},{\"@type\":[\"Person\",\"Organization\"],\"@id\":\"https:\\\/\\\/anthony.lepors.fr\\\/raspi-thermo-cam\\\/#\\\/schema\\\/person\\\/92186a88d3e51aa770548fabc8d16e06\",\"name\":\"Anthony LE PORS\",\"image\":{\"@type\":\"ImageObject\",\"inLanguage\":\"fr-FR\",\"@id\":\"https:\\\/\\\/secure.gravatar.com\\\/avatar\\\/ff32c3852ab8cee9e1657174d156c802a9f0e1f3a3e0256a92e6ecc810f2383b?s=96&d=mm&r=g\",\"url\":\"https:\\\/\\\/secure.gravatar.com\\\/avatar\\\/ff32c3852ab8cee9e1657174d156c802a9f0e1f3a3e0256a92e6ecc810f2383b?s=96&d=mm&r=g\",\"contentUrl\":\"https:\\\/\\\/secure.gravatar.com\\\/avatar\\\/ff32c3852ab8cee9e1657174d156c802a9f0e1f3a3e0256a92e6ecc810f2383b?s=96&d=mm&r=g\",\"caption\":\"Anthony LE PORS\"},\"logo\":{\"@id\":\"https:\\\/\\\/secure.gravatar.com\\\/avatar\\\/ff32c3852ab8cee9e1657174d156c802a9f0e1f3a3e0256a92e6ecc810f2383b?s=96&d=mm&r=g\"},\"sameAs\":[\"https:\\\/\\\/anthony.lepors.fr\\\/raspi-thermo-cam\"]}]}<\/script>\n<!-- \/ Yoast SEO plugin. -->","yoast_head_json":{"title":"PureThermal-2 | Raspi Thermo Cam - Projet Cam\u00e9ra Thermique","description":"Caract\u00e9ristiques de la carte d'interfa\u00e7age USB PureThermal-2 de GroupGets. Elle permet de brancher un module FLIR Lepton en USB.","robots":{"index":"index","follow":"follow","max-snippet":"max-snippet:-1","max-image-preview":"max-image-preview:large","max-video-preview":"max-video-preview:-1"},"canonical":"https:\/\/anthony.lepors.fr\/raspi-thermo-cam\/purethermal-2\/","og_locale":"fr_FR","og_type":"article","og_title":"PureThermal-2 | Raspi Thermo Cam - Projet Cam\u00e9ra Thermique","og_description":"Caract\u00e9ristiques de la carte d'interfa\u00e7age USB PureThermal-2 de GroupGets. Elle permet de brancher un module FLIR Lepton en USB.","og_url":"https:\/\/anthony.lepors.fr\/raspi-thermo-cam\/purethermal-2\/","og_site_name":"Raspi Thermo Cam - Projet Cam\u00e9ra Thermique","article_modified_time":"2022-02-08T18:13:43+00:00","og_image":[{"width":600,"height":600,"url":"https:\/\/anthony.lepors.fr\/raspi-thermo-cam\/wp-content\/uploads\/2021\/02\/purethermal-2.jpeg","type":"image\/jpeg"}],"twitter_card":"summary_large_image","twitter_description":"Caract\u00e9ristiques de la carte d'interfa\u00e7age USB PureThermal-2 de GroupGets. Elle permet de brancher un module FLIR Lepton en USB.","twitter_misc":{"Dur\u00e9e de lecture estim\u00e9e":"2 minutes"},"schema":{"@context":"https:\/\/schema.org","@graph":[{"@type":"WebPage","@id":"https:\/\/anthony.lepors.fr\/raspi-thermo-cam\/purethermal-2\/","url":"https:\/\/anthony.lepors.fr\/raspi-thermo-cam\/purethermal-2\/","name":"PureThermal-2 | Raspi Thermo Cam - Projet Cam\u00e9ra Thermique","isPartOf":{"@id":"https:\/\/anthony.lepors.fr\/raspi-thermo-cam\/#website"},"primaryImageOfPage":{"@id":"https:\/\/anthony.lepors.fr\/raspi-thermo-cam\/purethermal-2\/#primaryimage"},"image":{"@id":"https:\/\/anthony.lepors.fr\/raspi-thermo-cam\/purethermal-2\/#primaryimage"},"thumbnailUrl":"https:\/\/anthony.lepors.fr\/raspi-thermo-cam\/wp-content\/uploads\/2021\/02\/purethermal-2.jpeg","datePublished":"2021-02-08T10:55:48+00:00","dateModified":"2022-02-08T18:13:43+00:00","description":"Caract\u00e9ristiques de la carte d'interfa\u00e7age USB PureThermal-2 de GroupGets. Elle permet de brancher un module FLIR Lepton en USB.","breadcrumb":{"@id":"https:\/\/anthony.lepors.fr\/raspi-thermo-cam\/purethermal-2\/#breadcrumb"},"inLanguage":"fr-FR","potentialAction":[{"@type":"ReadAction","target":["https:\/\/anthony.lepors.fr\/raspi-thermo-cam\/purethermal-2\/"]}]},{"@type":"ImageObject","inLanguage":"fr-FR","@id":"https:\/\/anthony.lepors.fr\/raspi-thermo-cam\/purethermal-2\/#primaryimage","url":"https:\/\/anthony.lepors.fr\/raspi-thermo-cam\/wp-content\/uploads\/2021\/02\/purethermal-2.jpeg","contentUrl":"https:\/\/anthony.lepors.fr\/raspi-thermo-cam\/wp-content\/uploads\/2021\/02\/purethermal-2.jpeg","width":600,"height":600,"caption":"Carte d'interfa\u00e7age USB PureThermal-2"},{"@type":"BreadcrumbList","@id":"https:\/\/anthony.lepors.fr\/raspi-thermo-cam\/purethermal-2\/#breadcrumb","itemListElement":[{"@type":"ListItem","position":1,"name":"Accueil","item":"https:\/\/anthony.lepors.fr\/raspi-thermo-cam\/"},{"@type":"ListItem","position":2,"name":"PureThermal-2"}]},{"@type":"WebSite","@id":"https:\/\/anthony.lepors.fr\/raspi-thermo-cam\/#website","url":"https:\/\/anthony.lepors.fr\/raspi-thermo-cam\/","name":"Raspi Thermo Cam - Projet Cam\u00e9ra Thermique","description":"Site web qui retrace la r\u00e9alisation d&#039;un projet de cam\u00e9ra thermique avec un Raspberry. Nous utilisons le module FLIR Lepton 3.5 avec un Raspberry Pi 400.","publisher":{"@id":"https:\/\/anthony.lepors.fr\/raspi-thermo-cam\/#\/schema\/person\/92186a88d3e51aa770548fabc8d16e06"},"potentialAction":[{"@type":"SearchAction","target":{"@type":"EntryPoint","urlTemplate":"https:\/\/anthony.lepors.fr\/raspi-thermo-cam\/?s={search_term_string}"},"query-input":{"@type":"PropertyValueSpecification","valueRequired":true,"valueName":"search_term_string"}}],"inLanguage":"fr-FR"},{"@type":["Person","Organization"],"@id":"https:\/\/anthony.lepors.fr\/raspi-thermo-cam\/#\/schema\/person\/92186a88d3e51aa770548fabc8d16e06","name":"Anthony LE PORS","image":{"@type":"ImageObject","inLanguage":"fr-FR","@id":"https:\/\/secure.gravatar.com\/avatar\/ff32c3852ab8cee9e1657174d156c802a9f0e1f3a3e0256a92e6ecc810f2383b?s=96&d=mm&r=g","url":"https:\/\/secure.gravatar.com\/avatar\/ff32c3852ab8cee9e1657174d156c802a9f0e1f3a3e0256a92e6ecc810f2383b?s=96&d=mm&r=g","contentUrl":"https:\/\/secure.gravatar.com\/avatar\/ff32c3852ab8cee9e1657174d156c802a9f0e1f3a3e0256a92e6ecc810f2383b?s=96&d=mm&r=g","caption":"Anthony LE PORS"},"logo":{"@id":"https:\/\/secure.gravatar.com\/avatar\/ff32c3852ab8cee9e1657174d156c802a9f0e1f3a3e0256a92e6ecc810f2383b?s=96&d=mm&r=g"},"sameAs":["https:\/\/anthony.lepors.fr\/raspi-thermo-cam"]}]}},"_links":{"self":[{"href":"https:\/\/anthony.lepors.fr\/raspi-thermo-cam\/wp-json\/wp\/v2\/pages\/336","targetHints":{"allow":["GET"]}}],"collection":[{"href":"https:\/\/anthony.lepors.fr\/raspi-thermo-cam\/wp-json\/wp\/v2\/pages"}],"about":[{"href":"https:\/\/anthony.lepors.fr\/raspi-thermo-cam\/wp-json\/wp\/v2\/types\/page"}],"author":[{"embeddable":true,"href":"https:\/\/anthony.lepors.fr\/raspi-thermo-cam\/wp-json\/wp\/v2\/users\/1"}],"replies":[{"embeddable":true,"href":"https:\/\/anthony.lepors.fr\/raspi-thermo-cam\/wp-json\/wp\/v2\/comments?post=336"}],"version-history":[{"count":0,"href":"https:\/\/anthony.lepors.fr\/raspi-thermo-cam\/wp-json\/wp\/v2\/pages\/336\/revisions"}],"wp:featuredmedia":[{"embeddable":true,"href":"https:\/\/anthony.lepors.fr\/raspi-thermo-cam\/wp-json\/wp\/v2\/media\/337"}],"wp:attachment":[{"href":"https:\/\/anthony.lepors.fr\/raspi-thermo-cam\/wp-json\/wp\/v2\/media?parent=336"}],"curies":[{"name":"wp","href":"https:\/\/api.w.org\/{rel}","templated":true}]}}