{"id":270,"date":"2021-02-08T10:31:30","date_gmt":"2021-02-08T09:31:30","guid":{"rendered":"http:\/\/anthony.lepors.fr\/raspi-thermo-cam\/?page_id=270"},"modified":"2023-02-06T22:35:59","modified_gmt":"2023-02-06T21:35:59","slug":"contact","status":"publish","type":"page","link":"https:\/\/anthony.lepors.fr\/raspi-thermo-cam\/contact\/","title":{"rendered":"Contact"},"content":{"rendered":"<p>[et_pb_section fb_built=\u00a0\u00bb1&Prime; _builder_version=\u00a0\u00bb4.16&Prime; _module_preset=\u00a0\u00bbdefault\u00a0\u00bb global_colors_info=\u00a0\u00bb{}\u00a0\u00bb theme_builder_area=\u00a0\u00bbpost_content\u00a0\u00bb][et_pb_row _builder_version=\u00a0\u00bb4.16&Prime; _module_preset=\u00a0\u00bbdefault\u00a0\u00bb custom_padding=\u00a0\u00bb||0px||false|false\u00a0\u00bb global_colors_info=\u00a0\u00bb{}\u00a0\u00bb theme_builder_area=\u00a0\u00bbpost_content\u00a0\u00bb][et_pb_column type=\u00a0\u00bb4_4&Prime; _builder_version=\u00a0\u00bb4.16&Prime; _module_preset=\u00a0\u00bbdefault\u00a0\u00bb global_colors_info=\u00a0\u00bb{}\u00a0\u00bb theme_builder_area=\u00a0\u00bbpost_content\u00a0\u00bb][et_pb_text _builder_version=\u00a0\u00bb4.16&Prime; _module_preset=\u00a0\u00bbdefault\u00a0\u00bb global_colors_info=\u00a0\u00bb{}\u00a0\u00bb theme_builder_area=\u00a0\u00bbpost_content\u00a0\u00bb]<\/p>\n<div id=\"comp-j9py6n19\" class=\"_1Z_nJ\" data-testid=\"richTextElement\">\n<h1 class=\"font_2\"><span>Notre groupe<\/span><\/h1>\n<\/div>\n<div id=\"WRchTxt2\" class=\"_1Z_nJ\" data-testid=\"richTextElement\">\n<p class=\"font_7\">Notre groupe est compos\u00e9 de Bastien LE COQ et Anthony LE PORS, deux \u00e9l\u00e8ves en deuxi\u00e8me ann\u00e9e de pr\u00e9pa int\u00e9gr\u00e9e \u00e0 l&rsquo;\u00e9cole d&rsquo;ing\u00e9nieur de Lorient : l&rsquo;ENSIBS.<\/p>\n<p class=\"font_7\">\n<\/div>\n<p>[\/et_pb_text][\/et_pb_column][\/et_pb_row][et_pb_row column_structure=\u00a0\u00bb1_4,1_4,1_4,1_4&Prime; use_custom_gutter=\u00a0\u00bbon\u00a0\u00bb gutter_width=\u00a0\u00bb4&Prime; make_equal=\u00a0\u00bbon\u00a0\u00bb _builder_version=\u00a0\u00bb4.16&Prime; _module_preset=\u00a0\u00bbdefault\u00a0\u00bb custom_margin=\u00a0\u00bb5px||5px||false|false\u00a0\u00bb custom_padding=\u00a0\u00bb5px||5px||false|false\u00a0\u00bb border_width_all=\u00a0\u00bb2px\u00a0\u00bb box_shadow_style=\u00a0\u00bbpreset1&Prime; global_colors_info=\u00a0\u00bb{}\u00a0\u00bb theme_builder_area=\u00a0\u00bbpost_content\u00a0\u00bb][et_pb_column type=\u00a0\u00bb1_4&Prime; _builder_version=\u00a0\u00bb4.16&Prime; _module_preset=\u00a0\u00bbdefault\u00a0\u00bb global_colors_info=\u00a0\u00bb{}\u00a0\u00bb theme_builder_area=\u00a0\u00bbpost_content\u00a0\u00bb][et_pb_image src=\u00a0\u00bbhttps:\/\/anthony.lepors.fr\/raspi-thermo-cam\/wp-content\/uploads\/2023\/02\/anthony-le-pors-contact.png\u00a0\u00bb alt=\u00a0\u00bbAnthony LE PORS\u00a0\u00bb title_text=\u00a0\u00bbAnthony LE PORS\u00a0\u00bb url=\u00a0\u00bbhttps:\/\/anthony.lepors.fr\/\u00a0\u00bb url_new_window=\u00a0\u00bbon\u00a0\u00bb align=\u00a0\u00bbcenter\u00a0\u00bb _builder_version=\u00a0\u00bb4.19.5&Prime; _module_preset=\u00a0\u00bbdefault\u00a0\u00bb max_width=\u00a0\u00bb81px\u00a0\u00bb module_alignment=\u00a0\u00bbcenter\u00a0\u00bb max_height=\u00a0\u00bb81px\u00a0\u00bb custom_margin=\u00a0\u00bb0px||0px||false|false\u00a0\u00bb custom_padding=\u00a0\u00bb0px||0px||false|false\u00a0\u00bb hover_enabled=\u00a0\u00bb0&Prime; global_colors_info=\u00a0\u00bb{}\u00a0\u00bb theme_builder_area=\u00a0\u00bbpost_content\u00a0\u00bb sticky_enabled=\u00a0\u00bb0&Prime;][\/et_pb_image][\/et_pb_column][et_pb_column type=\u00a0\u00bb1_4&Prime; _builder_version=\u00a0\u00bb4.16&Prime; _module_preset=\u00a0\u00bbdefault\u00a0\u00bb custom_css_main_element=\u00a0\u00bbwidth: 50%!important;\u00a0\u00bb global_colors_info=\u00a0\u00bb{}\u00a0\u00bb custom_css_main_element__hover_enabled=\u00a0\u00bboff|desktop\u00a0\u00bb custom_css_main_element_last_edited=\u00a0\u00bbon|desktop\u00a0\u00bb theme_builder_area=\u00a0\u00bbpost_content\u00a0\u00bb custom_css_main_element_tablet=\u00a0\u00bbwidth: 50%!important;\u00a0\u00bb custom_css_main_element_phone=\u00a0\u00bbwidth: 50%!important;\u00a0\u00bb][et_pb_blurb title=\u00a0\u00bbAnthony LE PORS\u00a0\u00bb icon_placement=\u00a0\u00bbleft\u00a0\u00bb _builder_version=\u00a0\u00bb4.16&Prime; _module_preset=\u00a0\u00bbdefault\u00a0\u00bb header_font=\u00a0\u00bbOpen Sans||||||||\u00a0\u00bb body_font=\u00a0\u00bbOpen Sans||||||||\u00a0\u00bb body_text_align=\u00a0\u00bbleft\u00a0\u00bb custom_padding=\u00a0\u00bb15px||15px||false|false\u00a0\u00bb global_colors_info=\u00a0\u00bb{}\u00a0\u00bb theme_builder_area=\u00a0\u00bbpost_content\u00a0\u00bb]<\/p>\n<p>18 ans, Etudiant en 2\u00e8me ann\u00e9e \u00e0 l&rsquo;ENSIBS LORIENT<\/p>\n<p>[\/et_pb_blurb][\/et_pb_column][et_pb_column type=\u00a0\u00bb1_4&Prime; _builder_version=\u00a0\u00bb4.16&Prime; _module_preset=\u00a0\u00bbdefault\u00a0\u00bb global_colors_info=\u00a0\u00bb{}\u00a0\u00bb theme_builder_area=\u00a0\u00bbpost_content\u00a0\u00bb][et_pb_button button_url=\u00a0\u00bbhttps:\/\/anthony.lepors.fr\/\u00a0\u00bb url_new_window=\u00a0\u00bbon\u00a0\u00bb button_text=\u00a0\u00bbPROFIL\u00a0\u00bb button_alignment=\u00a0\u00bbleft\u00a0\u00bb _builder_version=\u00a0\u00bb4.16&Prime; _module_preset=\u00a0\u00bbdefault\u00a0\u00bb custom_button=\u00a0\u00bbon\u00a0\u00bb button_text_color=\u00a0\u00bb#FFFFFF\u00a0\u00bb button_bg_color=\u00a0\u00bb#ff8080&Prime; button_border_color=\u00a0\u00bb#FFFFFF\u00a0\u00bb button_font=\u00a0\u00bbOpen Sans||||||||\u00a0\u00bb button_icon=\u00a0\u00bb&#xe0e0;||divi||400&Prime; button_icon_color=\u00a0\u00bb#FFFFFF\u00a0\u00bb position_origin_a=\u00a0\u00bbcenter_left\u00a0\u00bb custom_margin=\u00a0\u00bb15px||15px||false|false\u00a0\u00bb global_colors_info=\u00a0\u00bb{}\u00a0\u00bb theme_builder_area=\u00a0\u00bbpost_content\u00a0\u00bb][\/et_pb_button][\/et_pb_column][et_pb_column type=\u00a0\u00bb1_4&Prime; _builder_version=\u00a0\u00bb4.16&Prime; _module_preset=\u00a0\u00bbdefault\u00a0\u00bb global_colors_info=\u00a0\u00bb{}\u00a0\u00bb theme_builder_area=\u00a0\u00bbpost_content\u00a0\u00bb][et_pb_button button_url=\u00a0\u00bbmailto:anthony@lepors.net\u00a0\u00bb button_text=\u00a0\u00bbCONTACT\u00a0\u00bb button_alignment=\u00a0\u00bbleft\u00a0\u00bb _builder_version=\u00a0\u00bb4.16&Prime; _module_preset=\u00a0\u00bbdefault\u00a0\u00bb custom_button=\u00a0\u00bbon\u00a0\u00bb button_text_color=\u00a0\u00bb#FFFFFF\u00a0\u00bb button_bg_color=\u00a0\u00bb#ff8080&Prime; button_border_color=\u00a0\u00bb#FFFFFF\u00a0\u00bb button_font=\u00a0\u00bbOpen Sans||||||||\u00a0\u00bb button_icon=\u00a0\u00bb&#xe065;||divi||400&Prime; button_icon_color=\u00a0\u00bb#FFFFFF\u00a0\u00bb position_origin_a=\u00a0\u00bbcenter_left\u00a0\u00bb custom_margin=\u00a0\u00bb15px||15px|-45px|false|false\u00a0\u00bb global_colors_info=\u00a0\u00bb{}\u00a0\u00bb theme_builder_area=\u00a0\u00bbpost_content\u00a0\u00bb][\/et_pb_button][\/et_pb_column][\/et_pb_row][et_pb_row _builder_version=\u00a0\u00bb4.16&Prime; _module_preset=\u00a0\u00bbdefault\u00a0\u00bb custom_padding=\u00a0\u00bb15px||||false|false\u00a0\u00bb global_colors_info=\u00a0\u00bb{}\u00a0\u00bb theme_builder_area=\u00a0\u00bbpost_content\u00a0\u00bb][et_pb_column type=\u00a0\u00bb4_4&Prime; _builder_version=\u00a0\u00bb4.16&Prime; _module_preset=\u00a0\u00bbdefault\u00a0\u00bb global_colors_info=\u00a0\u00bb{}\u00a0\u00bb theme_builder_area=\u00a0\u00bbpost_content\u00a0\u00bb][et_pb_text _builder_version=\u00a0\u00bb4.16&Prime; _module_preset=\u00a0\u00bbdefault\u00a0\u00bb global_colors_info=\u00a0\u00bb{}\u00a0\u00bb theme_builder_area=\u00a0\u00bbpost_content\u00a0\u00bb]<\/p>\n<div data-testid=\"richTextElement\">Nous avons choisi ce sujet car nous sommes tous les 2 int\u00e9ress\u00e9s par le domaine m\u00e9catronique. De plus, nous avions chacun nos motivations personnelles.<\/div>\n<div data-testid=\"richTextElement\">Pour Bastien, le c\u00f4t\u00e9 application en thermique du b\u00e2timent et l&rsquo;\u00e9tude de la thermodynamique des mat\u00e9riaux\u00a0l&rsquo;int\u00e9ressaient particuli\u00e8rement. Pour Anthony, c&rsquo;est l&rsquo;association de l&rsquo;\u00e9lectronique et de l&rsquo;informatique\u00a0via le Raspberry qu&rsquo;il avait envie d&rsquo;approfondir.<\/div>\n<p>[\/et_pb_text][et_pb_image src=\u00a0\u00bbhttps:\/\/anthony.lepors.fr\/raspi-thermo-cam\/wp-content\/uploads\/2021\/05\/antho-bastouf.png\u00a0\u00bb alt=\u00a0\u00bbBastien et Anthony : 2 \u00e9tudiants de ce projet\u00a0\u00bb title_text=\u00a0\u00bbBastien et Anthony : 2 \u00e9tudiants de ce projet\u00a0\u00bb show_in_lightbox=\u00a0\u00bbon\u00a0\u00bb align=\u00a0\u00bbcenter\u00a0\u00bb _builder_version=\u00a0\u00bb4.16&Prime; _module_preset=\u00a0\u00bbdefault\u00a0\u00bb width=\u00a0\u00bb50%\u00a0\u00bb box_shadow_style=\u00a0\u00bbpreset1&Prime; global_colors_info=\u00a0\u00bb{}\u00a0\u00bb theme_builder_area=\u00a0\u00bbpost_content\u00a0\u00bb][\/et_pb_image][et_pb_text _builder_version=\u00a0\u00bb4.16&Prime; _module_preset=\u00a0\u00bbdefault\u00a0\u00bb global_colors_info=\u00a0\u00bb{}\u00a0\u00bb theme_builder_area=\u00a0\u00bbpost_content\u00a0\u00bb]<\/p>\n<div id=\"comp-j9py6n19\" class=\"_1Z_nJ\" data-testid=\"richTextElement\">Nous avons donc chacun r\u00e9uni nos connaissances pour mener au mieux ce projet. Avec le contexte sanitaire, nous avons \u00e9t\u00e9 forc\u00e9 \u00e0 travailler beaucoup plus \u00e0 distance que dans une situation normale. Cela a \u00e9t\u00e9 possible gr\u00e2ce \u00e0 une organisation d&rsquo;un espace commun de travail, mais aussi une communication r\u00e9guli\u00e8re, aid\u00e9e par les habitudes que nous avons prises \u00e0 force de travailler tous les deux depuis notre premi\u00e8re ann\u00e9e de pr\u00e9pa.<\/div>\n<p>[\/et_pb_text][\/et_pb_column][\/et_pb_row][et_pb_row column_structure=\u00a0\u00bb2_5,3_5&Prime; _builder_version=\u00a0\u00bb4.16&Prime; _module_preset=\u00a0\u00bbdefault\u00a0\u00bb custom_padding=\u00a0\u00bb0px||||false|false\u00a0\u00bb global_colors_info=\u00a0\u00bb{}\u00a0\u00bb theme_builder_area=\u00a0\u00bbpost_content\u00a0\u00bb][et_pb_column type=\u00a0\u00bb2_5&Prime; _builder_version=\u00a0\u00bb4.16&Prime; _module_preset=\u00a0\u00bbdefault\u00a0\u00bb global_colors_info=\u00a0\u00bb{}\u00a0\u00bb theme_builder_area=\u00a0\u00bbpost_content\u00a0\u00bb][et_pb_image src=\u00a0\u00bbhttps:\/\/anthony.lepors.fr\/raspi-thermo-cam\/wp-content\/uploads\/2021\/02\/logo-ensibs.png\u00a0\u00bb align=\u00a0\u00bbcenter\u00a0\u00bb _builder_version=\u00a0\u00bb4.16&Prime; _module_preset=\u00a0\u00bbdefault\u00a0\u00bb custom_padding=\u00a0\u00bb120px||||false|false\u00a0\u00bb global_colors_info=\u00a0\u00bb{}\u00a0\u00bb theme_builder_area=\u00a0\u00bbpost_content\u00a0\u00bb][\/et_pb_image][\/et_pb_column][et_pb_column type=\u00a0\u00bb3_5&Prime; _builder_version=\u00a0\u00bb4.16&Prime; _module_preset=\u00a0\u00bbdefault\u00a0\u00bb global_colors_info=\u00a0\u00bb{}\u00a0\u00bb theme_builder_area=\u00a0\u00bbpost_content\u00a0\u00bb][et_pb_image src=\u00a0\u00bbhttps:\/\/anthony.lepors.fr\/raspi-thermo-cam\/wp-content\/uploads\/2021\/02\/bat-ensibs-lorient-page-presentation.jpg\u00a0\u00bb alt=\u00a0\u00bbB\u00e2timent de l&rsquo;ENSIBS Lorient\u00a0\u00bb title_text=\u00a0\u00bbB\u00e2timent de l&rsquo;ENSIBS Lorient\u00a0\u00bb show_in_lightbox=\u00a0\u00bbon\u00a0\u00bb _builder_version=\u00a0\u00bb4.16&Prime; _module_preset=\u00a0\u00bbdefault\u00a0\u00bb box_shadow_style=\u00a0\u00bbpreset1&Prime; global_colors_info=\u00a0\u00bb{}\u00a0\u00bb theme_builder_area=\u00a0\u00bbpost_content\u00a0\u00bb][\/et_pb_image][\/et_pb_column][\/et_pb_row][\/et_pb_section]<\/p>\n","protected":false},"excerpt":{"rendered":"<p>Site web qui retrace la r\u00e9alisation d&rsquo;un projet de cam\u00e9ra thermique avec un Raspberry. Cette page d\u00e9crit les 2 \u00e9tudiants de ce projet.<\/p>\n","protected":false},"author":1,"featured_media":274,"parent":0,"menu_order":0,"comment_status":"closed","ping_status":"closed","template":"","meta":{"_et_pb_use_builder":"on","_et_pb_old_content":"","_et_gb_content_width":"","footnotes":""},"class_list":["post-270","page","type-page","status-publish","has-post-thumbnail","hentry"],"yoast_head":"<!-- This site is optimized with the Yoast SEO plugin v27.5 - https:\/\/yoast.com\/product\/yoast-seo-wordpress\/ -->\n<title>Contact | Raspi Thermo Cam - Projet Cam\u00e9ra Thermique<\/title>\n<meta name=\"description\" content=\"Site web qui retrace la r\u00e9alisation d&#039;un projet de cam\u00e9ra thermique avec un Raspberry. Cette page d\u00e9crit les 2 \u00e9tudiants de ce projet.\" \/>\n<meta name=\"robots\" content=\"index, follow, max-snippet:-1, max-image-preview:large, max-video-preview:-1\" \/>\n<link rel=\"canonical\" href=\"https:\/\/anthony.lepors.fr\/raspi-thermo-cam\/contact\/\" \/>\n<meta property=\"og:locale\" content=\"fr_FR\" \/>\n<meta property=\"og:type\" content=\"article\" \/>\n<meta property=\"og:title\" content=\"Contact | Raspi Thermo Cam - Projet Cam\u00e9ra Thermique\" \/>\n<meta property=\"og:description\" content=\"Site web qui retrace la r\u00e9alisation d&#039;un projet de cam\u00e9ra thermique avec un Raspberry. Cette page d\u00e9crit les 2 \u00e9tudiants de ce projet.\" \/>\n<meta property=\"og:url\" content=\"https:\/\/anthony.lepors.fr\/raspi-thermo-cam\/contact\/\" \/>\n<meta property=\"og:site_name\" content=\"Raspi Thermo Cam - Projet Cam\u00e9ra Thermique\" \/>\n<meta property=\"article:modified_time\" content=\"2023-02-06T21:35:59+00:00\" \/>\n<meta property=\"og:image\" content=\"https:\/\/anthony.lepors.fr\/raspi-thermo-cam\/wp-content\/uploads\/2021\/02\/bat-ensibs-lorient-page-presentation.jpg\" \/>\n\t<meta property=\"og:image:width\" content=\"1200\" \/>\n\t<meta property=\"og:image:height\" content=\"801\" \/>\n\t<meta property=\"og:image:type\" content=\"image\/jpeg\" \/>\n<meta name=\"twitter:card\" content=\"summary_large_image\" \/>\n<meta name=\"twitter:description\" content=\"Site web qui retrace la r\u00e9alisation d&#039;un projet de cam\u00e9ra thermique avec un Raspberry. Cette page d\u00e9crit les 2 \u00e9tudiants de ce projet.\" \/>\n<meta name=\"twitter:label1\" content=\"Dur\u00e9e de lecture estim\u00e9e\" \/>\n\t<meta name=\"twitter:data1\" content=\"1 minute\" \/>\n<script type=\"application\/ld+json\" class=\"yoast-schema-graph\">{\"@context\":\"https:\\\/\\\/schema.org\",\"@graph\":[{\"@type\":\"WebPage\",\"@id\":\"https:\\\/\\\/anthony.lepors.fr\\\/raspi-thermo-cam\\\/contact\\\/\",\"url\":\"https:\\\/\\\/anthony.lepors.fr\\\/raspi-thermo-cam\\\/contact\\\/\",\"name\":\"Contact | Raspi Thermo Cam - Projet Cam\u00e9ra Thermique\",\"isPartOf\":{\"@id\":\"https:\\\/\\\/anthony.lepors.fr\\\/raspi-thermo-cam\\\/#website\"},\"primaryImageOfPage\":{\"@id\":\"https:\\\/\\\/anthony.lepors.fr\\\/raspi-thermo-cam\\\/contact\\\/#primaryimage\"},\"image\":{\"@id\":\"https:\\\/\\\/anthony.lepors.fr\\\/raspi-thermo-cam\\\/contact\\\/#primaryimage\"},\"thumbnailUrl\":\"https:\\\/\\\/anthony.lepors.fr\\\/raspi-thermo-cam\\\/wp-content\\\/uploads\\\/2021\\\/02\\\/bat-ensibs-lorient-page-presentation.jpg\",\"datePublished\":\"2021-02-08T09:31:30+00:00\",\"dateModified\":\"2023-02-06T21:35:59+00:00\",\"description\":\"Site web qui retrace la r\u00e9alisation d'un projet de cam\u00e9ra thermique avec un Raspberry. Cette page d\u00e9crit les 2 \u00e9tudiants de ce projet.\",\"breadcrumb\":{\"@id\":\"https:\\\/\\\/anthony.lepors.fr\\\/raspi-thermo-cam\\\/contact\\\/#breadcrumb\"},\"inLanguage\":\"fr-FR\",\"potentialAction\":[{\"@type\":\"ReadAction\",\"target\":[\"https:\\\/\\\/anthony.lepors.fr\\\/raspi-thermo-cam\\\/contact\\\/\"]}]},{\"@type\":\"ImageObject\",\"inLanguage\":\"fr-FR\",\"@id\":\"https:\\\/\\\/anthony.lepors.fr\\\/raspi-thermo-cam\\\/contact\\\/#primaryimage\",\"url\":\"https:\\\/\\\/anthony.lepors.fr\\\/raspi-thermo-cam\\\/wp-content\\\/uploads\\\/2021\\\/02\\\/bat-ensibs-lorient-page-presentation.jpg\",\"contentUrl\":\"https:\\\/\\\/anthony.lepors.fr\\\/raspi-thermo-cam\\\/wp-content\\\/uploads\\\/2021\\\/02\\\/bat-ensibs-lorient-page-presentation.jpg\",\"width\":1200,\"height\":801},{\"@type\":\"BreadcrumbList\",\"@id\":\"https:\\\/\\\/anthony.lepors.fr\\\/raspi-thermo-cam\\\/contact\\\/#breadcrumb\",\"itemListElement\":[{\"@type\":\"ListItem\",\"position\":1,\"name\":\"Accueil\",\"item\":\"https:\\\/\\\/anthony.lepors.fr\\\/raspi-thermo-cam\\\/\"},{\"@type\":\"ListItem\",\"position\":2,\"name\":\"Contact\"}]},{\"@type\":\"WebSite\",\"@id\":\"https:\\\/\\\/anthony.lepors.fr\\\/raspi-thermo-cam\\\/#website\",\"url\":\"https:\\\/\\\/anthony.lepors.fr\\\/raspi-thermo-cam\\\/\",\"name\":\"Raspi Thermo Cam - Projet Cam\u00e9ra Thermique\",\"description\":\"Site web qui retrace la r\u00e9alisation d&#039;un projet de cam\u00e9ra thermique avec un Raspberry. Nous utilisons le module FLIR Lepton 3.5 avec un Raspberry Pi 400.\",\"publisher\":{\"@id\":\"https:\\\/\\\/anthony.lepors.fr\\\/raspi-thermo-cam\\\/#\\\/schema\\\/person\\\/92186a88d3e51aa770548fabc8d16e06\"},\"potentialAction\":[{\"@type\":\"SearchAction\",\"target\":{\"@type\":\"EntryPoint\",\"urlTemplate\":\"https:\\\/\\\/anthony.lepors.fr\\\/raspi-thermo-cam\\\/?s={search_term_string}\"},\"query-input\":{\"@type\":\"PropertyValueSpecification\",\"valueRequired\":true,\"valueName\":\"search_term_string\"}}],\"inLanguage\":\"fr-FR\"},{\"@type\":[\"Person\",\"Organization\"],\"@id\":\"https:\\\/\\\/anthony.lepors.fr\\\/raspi-thermo-cam\\\/#\\\/schema\\\/person\\\/92186a88d3e51aa770548fabc8d16e06\",\"name\":\"Anthony LE PORS\",\"image\":{\"@type\":\"ImageObject\",\"inLanguage\":\"fr-FR\",\"@id\":\"https:\\\/\\\/secure.gravatar.com\\\/avatar\\\/ff32c3852ab8cee9e1657174d156c802a9f0e1f3a3e0256a92e6ecc810f2383b?s=96&d=mm&r=g\",\"url\":\"https:\\\/\\\/secure.gravatar.com\\\/avatar\\\/ff32c3852ab8cee9e1657174d156c802a9f0e1f3a3e0256a92e6ecc810f2383b?s=96&d=mm&r=g\",\"contentUrl\":\"https:\\\/\\\/secure.gravatar.com\\\/avatar\\\/ff32c3852ab8cee9e1657174d156c802a9f0e1f3a3e0256a92e6ecc810f2383b?s=96&d=mm&r=g\",\"caption\":\"Anthony LE PORS\"},\"logo\":{\"@id\":\"https:\\\/\\\/secure.gravatar.com\\\/avatar\\\/ff32c3852ab8cee9e1657174d156c802a9f0e1f3a3e0256a92e6ecc810f2383b?s=96&d=mm&r=g\"},\"sameAs\":[\"https:\\\/\\\/anthony.lepors.fr\\\/raspi-thermo-cam\"]}]}<\/script>\n<!-- \/ Yoast SEO plugin. -->","yoast_head_json":{"title":"Contact | Raspi Thermo Cam - Projet Cam\u00e9ra Thermique","description":"Site web qui retrace la r\u00e9alisation d'un projet de cam\u00e9ra thermique avec un Raspberry. Cette page d\u00e9crit les 2 \u00e9tudiants de ce projet.","robots":{"index":"index","follow":"follow","max-snippet":"max-snippet:-1","max-image-preview":"max-image-preview:large","max-video-preview":"max-video-preview:-1"},"canonical":"https:\/\/anthony.lepors.fr\/raspi-thermo-cam\/contact\/","og_locale":"fr_FR","og_type":"article","og_title":"Contact | Raspi Thermo Cam - Projet Cam\u00e9ra Thermique","og_description":"Site web qui retrace la r\u00e9alisation d'un projet de cam\u00e9ra thermique avec un Raspberry. Cette page d\u00e9crit les 2 \u00e9tudiants de ce projet.","og_url":"https:\/\/anthony.lepors.fr\/raspi-thermo-cam\/contact\/","og_site_name":"Raspi Thermo Cam - Projet Cam\u00e9ra Thermique","article_modified_time":"2023-02-06T21:35:59+00:00","og_image":[{"width":1200,"height":801,"url":"https:\/\/anthony.lepors.fr\/raspi-thermo-cam\/wp-content\/uploads\/2021\/02\/bat-ensibs-lorient-page-presentation.jpg","type":"image\/jpeg"}],"twitter_card":"summary_large_image","twitter_description":"Site web qui retrace la r\u00e9alisation d'un projet de cam\u00e9ra thermique avec un Raspberry. Cette page d\u00e9crit les 2 \u00e9tudiants de ce projet.","twitter_misc":{"Dur\u00e9e de lecture estim\u00e9e":"1 minute"},"schema":{"@context":"https:\/\/schema.org","@graph":[{"@type":"WebPage","@id":"https:\/\/anthony.lepors.fr\/raspi-thermo-cam\/contact\/","url":"https:\/\/anthony.lepors.fr\/raspi-thermo-cam\/contact\/","name":"Contact | Raspi Thermo Cam - Projet Cam\u00e9ra Thermique","isPartOf":{"@id":"https:\/\/anthony.lepors.fr\/raspi-thermo-cam\/#website"},"primaryImageOfPage":{"@id":"https:\/\/anthony.lepors.fr\/raspi-thermo-cam\/contact\/#primaryimage"},"image":{"@id":"https:\/\/anthony.lepors.fr\/raspi-thermo-cam\/contact\/#primaryimage"},"thumbnailUrl":"https:\/\/anthony.lepors.fr\/raspi-thermo-cam\/wp-content\/uploads\/2021\/02\/bat-ensibs-lorient-page-presentation.jpg","datePublished":"2021-02-08T09:31:30+00:00","dateModified":"2023-02-06T21:35:59+00:00","description":"Site web qui retrace la r\u00e9alisation d'un projet de cam\u00e9ra thermique avec un Raspberry. Cette page d\u00e9crit les 2 \u00e9tudiants de ce projet.","breadcrumb":{"@id":"https:\/\/anthony.lepors.fr\/raspi-thermo-cam\/contact\/#breadcrumb"},"inLanguage":"fr-FR","potentialAction":[{"@type":"ReadAction","target":["https:\/\/anthony.lepors.fr\/raspi-thermo-cam\/contact\/"]}]},{"@type":"ImageObject","inLanguage":"fr-FR","@id":"https:\/\/anthony.lepors.fr\/raspi-thermo-cam\/contact\/#primaryimage","url":"https:\/\/anthony.lepors.fr\/raspi-thermo-cam\/wp-content\/uploads\/2021\/02\/bat-ensibs-lorient-page-presentation.jpg","contentUrl":"https:\/\/anthony.lepors.fr\/raspi-thermo-cam\/wp-content\/uploads\/2021\/02\/bat-ensibs-lorient-page-presentation.jpg","width":1200,"height":801},{"@type":"BreadcrumbList","@id":"https:\/\/anthony.lepors.fr\/raspi-thermo-cam\/contact\/#breadcrumb","itemListElement":[{"@type":"ListItem","position":1,"name":"Accueil","item":"https:\/\/anthony.lepors.fr\/raspi-thermo-cam\/"},{"@type":"ListItem","position":2,"name":"Contact"}]},{"@type":"WebSite","@id":"https:\/\/anthony.lepors.fr\/raspi-thermo-cam\/#website","url":"https:\/\/anthony.lepors.fr\/raspi-thermo-cam\/","name":"Raspi Thermo Cam - Projet Cam\u00e9ra Thermique","description":"Site web qui retrace la r\u00e9alisation d&#039;un projet de cam\u00e9ra thermique avec un Raspberry. Nous utilisons le module FLIR Lepton 3.5 avec un Raspberry Pi 400.","publisher":{"@id":"https:\/\/anthony.lepors.fr\/raspi-thermo-cam\/#\/schema\/person\/92186a88d3e51aa770548fabc8d16e06"},"potentialAction":[{"@type":"SearchAction","target":{"@type":"EntryPoint","urlTemplate":"https:\/\/anthony.lepors.fr\/raspi-thermo-cam\/?s={search_term_string}"},"query-input":{"@type":"PropertyValueSpecification","valueRequired":true,"valueName":"search_term_string"}}],"inLanguage":"fr-FR"},{"@type":["Person","Organization"],"@id":"https:\/\/anthony.lepors.fr\/raspi-thermo-cam\/#\/schema\/person\/92186a88d3e51aa770548fabc8d16e06","name":"Anthony LE PORS","image":{"@type":"ImageObject","inLanguage":"fr-FR","@id":"https:\/\/secure.gravatar.com\/avatar\/ff32c3852ab8cee9e1657174d156c802a9f0e1f3a3e0256a92e6ecc810f2383b?s=96&d=mm&r=g","url":"https:\/\/secure.gravatar.com\/avatar\/ff32c3852ab8cee9e1657174d156c802a9f0e1f3a3e0256a92e6ecc810f2383b?s=96&d=mm&r=g","contentUrl":"https:\/\/secure.gravatar.com\/avatar\/ff32c3852ab8cee9e1657174d156c802a9f0e1f3a3e0256a92e6ecc810f2383b?s=96&d=mm&r=g","caption":"Anthony LE PORS"},"logo":{"@id":"https:\/\/secure.gravatar.com\/avatar\/ff32c3852ab8cee9e1657174d156c802a9f0e1f3a3e0256a92e6ecc810f2383b?s=96&d=mm&r=g"},"sameAs":["https:\/\/anthony.lepors.fr\/raspi-thermo-cam"]}]}},"_links":{"self":[{"href":"https:\/\/anthony.lepors.fr\/raspi-thermo-cam\/wp-json\/wp\/v2\/pages\/270","targetHints":{"allow":["GET"]}}],"collection":[{"href":"https:\/\/anthony.lepors.fr\/raspi-thermo-cam\/wp-json\/wp\/v2\/pages"}],"about":[{"href":"https:\/\/anthony.lepors.fr\/raspi-thermo-cam\/wp-json\/wp\/v2\/types\/page"}],"author":[{"embeddable":true,"href":"https:\/\/anthony.lepors.fr\/raspi-thermo-cam\/wp-json\/wp\/v2\/users\/1"}],"replies":[{"embeddable":true,"href":"https:\/\/anthony.lepors.fr\/raspi-thermo-cam\/wp-json\/wp\/v2\/comments?post=270"}],"version-history":[{"count":0,"href":"https:\/\/anthony.lepors.fr\/raspi-thermo-cam\/wp-json\/wp\/v2\/pages\/270\/revisions"}],"wp:featuredmedia":[{"embeddable":true,"href":"https:\/\/anthony.lepors.fr\/raspi-thermo-cam\/wp-json\/wp\/v2\/media\/274"}],"wp:attachment":[{"href":"https:\/\/anthony.lepors.fr\/raspi-thermo-cam\/wp-json\/wp\/v2\/media?parent=270"}],"curies":[{"name":"wp","href":"https:\/\/api.w.org\/{rel}","templated":true}]}}