{"id":2234,"date":"2021-05-06T20:48:23","date_gmt":"2021-05-06T18:48:23","guid":{"rendered":"http:\/\/anthony.lepors.fr\/raspi-thermo-cam\/?page_id=2234"},"modified":"2021-05-06T20:48:35","modified_gmt":"2021-05-06T18:48:35","slug":"robot-thermique","status":"publish","type":"page","link":"https:\/\/anthony.lepors.fr\/raspi-thermo-cam\/robot-thermique\/","title":{"rendered":"Robot thermique"},"content":{"rendered":"<p>[et_pb_section fb_built=\u00a0\u00bb1&Prime; _builder_version=\u00a0\u00bb4.8.2&Prime; _module_preset=\u00a0\u00bbdefault\u00a0\u00bb][et_pb_row _builder_version=\u00a0\u00bb4.8.2&Prime; _module_preset=\u00a0\u00bbdefault\u00a0\u00bb][et_pb_column type=\u00a0\u00bb4_4&Prime; _builder_version=\u00a0\u00bb4.8.2&Prime; _module_preset=\u00a0\u00bbdefault\u00a0\u00bb][et_pb_text _builder_version=\u00a0\u00bb4.8.2&Prime; _module_preset=\u00a0\u00bbdefault\u00a0\u00bb]<\/p>\n<h1>Conception d&rsquo;un robot thermique avec Raspberry &#8211; Raspi Thermo Cam<\/h1>\n<p>Une des suites de ce projet \u00e9tait pour nous la cr\u00e9ation d&rsquo;un robot thermique en utilisant le Raspberry \u00e0 notre disposition. Pour cela, nous allons mettre en lien la partie Prise en main du Raspberry avec le contr\u00f4le de ce dernier par une application Java. Le but est donc de cr\u00e9er un robot qui peut se d\u00e9placer tout en retransmettant en direct une vid\u00e9o thermique.<\/p>\n<h2>Construction du robot thermique<\/h2>\n<p>Le robot thermique a \u00e9t\u00e9 construit gr\u00e2ce au ch\u00e2ssis Magic DG007, le r\u00e9sum\u00e9 est \u00e0 la page du mat\u00e9riel (<a href=\"https:\/\/anthony.lepors.fr\/raspi-thermo-cam\/creation-robot\/\">voir ici<\/a>). La cr\u00e9ation de ce robot thermique repose finalement sur 3 composants \u00e9lectroniques :<\/p>\n<ul type=\"disc\" style=\"margin-left: .375in; direction: ltr; unicode-bidi: embed; margin-top: 0in; margin-bottom: 0in;\">\n<li style=\"margin-top: 0; margin-bottom: 0; vertical-align: middle;\"><span style=\"font-family: Calibri; font-size: 11.0pt;\">Moteurs \u00e0 courant continu<\/span><\/li>\n<li style=\"margin-top: 0; margin-bottom: 0; vertical-align: middle;\"><span style=\"font-family: Calibri; font-size: 11.0pt;\">Support amovible Pan\/Tilt<\/span><\/li>\n<li style=\"margin-top: 0; margin-bottom: 0; vertical-align: middle;\"><span style=\"font-family: Calibri; font-size: 11.0pt;\">FLIR Lepton 3.5 avec PureThermal 2 en USB<\/span><\/li>\n<\/ul>\n<p>Le Raspi Thermo Cam est donc ce robot :\u00a0<\/p>\n<p>[\/et_pb_text][et_pb_image src=\u00a0\u00bbhttps:\/\/anthony.lepors.fr\/raspi-thermo-cam\/wp-content\/uploads\/2021\/05\/raspi-thermo-cam.jpg\u00a0\u00bb alt=\u00a0\u00bbConception du Raspi Thermo Cam\u00a0\u00bb title_text=\u00a0\u00bbConception du Raspi Thermo Cam\u00a0\u00bb show_in_lightbox=\u00a0\u00bbon\u00a0\u00bb align=\u00a0\u00bbcenter\u00a0\u00bb _builder_version=\u00a0\u00bb4.8.2&Prime; _module_preset=\u00a0\u00bbdefault\u00a0\u00bb width=\u00a0\u00bb60%\u00a0\u00bb box_shadow_style=\u00a0\u00bbpreset1&Prime;][\/et_pb_image][et_pb_text _builder_version=\u00a0\u00bb4.8.2&Prime; _module_preset=\u00a0\u00bbdefault\u00a0\u00bb]<\/p>\n<p>Nous n&rsquo;avons pas enlev\u00e9 les composants qui servaient au Raspi Car, c&rsquo;\u00e9tait un prototype de robot \u00ab\u00a0voiture autonome\u00a0\u00bb. En r\u00e9alit\u00e9, le c\u00e2blage de ce robot n&rsquo;est donc pas aussi important et le plan de c\u00e2blage est disponible \u00e0 la page Pilotage des moteurs avec joystick (<a href=\"https:\/\/anthony.lepors.fr\/raspi-thermo-cam\/pilotage-moteur-joystick\/\">voir ici<\/a>).<\/p>\n<h2>Conception de l&rsquo;application Java<\/h2>\n<p>Une fois que le robot thermique est construit, il faut programmer ce dernier. Pour cela, nous avons con\u00e7u une application Java qui devaient r\u00e9pondre \u00e0 2 t\u00e2ches pr\u00e9cises :\u00a0<\/p>\n<ul type=\"disc\" style=\"margin-left: .375in; direction: ltr; unicode-bidi: embed; margin-top: 0in; margin-bottom: 0in;\">\n<li style=\"margin-top: 0; margin-bottom: 0; vertical-align: middle;\"><span style=\"font-family: Calibri; font-size: 11.0pt;\">Piloter les moteurs et le support amovible<\/span><\/li>\n<li style=\"margin-top: 0; margin-bottom: 0; vertical-align: middle;\"><span style=\"font-family: Calibri; font-size: 11.0pt;\">Lancer une fen\u00eatre avec la vid\u00e9o thermique<\/span><\/li>\n<\/ul>\n<p>Pour cela, nous avons utilis\u00e9 les librairies Java Swing pour l&rsquo;interface graphique. La m\u00e9thode MVC fait le lien entre les donn\u00e9es (robot) et l&rsquo;interface \u00e0 travers une classe de contr\u00f4le. Le rendu visuel de l&rsquo;interface graphique est le suivant :\u00a0<\/p>\n<p>[\/et_pb_text][et_pb_image src=\u00a0\u00bbhttps:\/\/anthony.lepors.fr\/raspi-thermo-cam\/wp-content\/uploads\/2021\/05\/interface-pilotage-robot.png\u00a0\u00bb alt=\u00a0\u00bbInterface Java Swing pour le pilotage du robot\u00a0\u00bb title_text=\u00a0\u00bbInterface Java Swing pour le pilotage du robot\u00a0\u00bb show_in_lightbox=\u00a0\u00bbon\u00a0\u00bb align=\u00a0\u00bbcenter\u00a0\u00bb _builder_version=\u00a0\u00bb4.8.2&Prime; _module_preset=\u00a0\u00bbdefault\u00a0\u00bb width=\u00a0\u00bb60%\u00a0\u00bb box_shadow_style=\u00a0\u00bbpreset1&Prime;][\/et_pb_image][et_pb_text _builder_version=\u00a0\u00bb4.8.2&Prime; _module_preset=\u00a0\u00bbdefault\u00a0\u00bb]<\/p>\n<p>Le code source de l&rsquo;application est visible \u00e0 la page Pilotage des moteurs (<a href=\"https:\/\/anthony.lepors.fr\/raspi-thermo-cam\/pilotage-moteur-joystick\/\">voir ici<\/a>). Le langage Java est moins commun pour contr\u00f4ler le GPIO du Raspberry mais nous avons finalement r\u00e9ussi \u00e0 trouver des alternatives de Python gr\u00e2ce aux libraries du projet Pi4J (<a href=\"https:\/\/anthony.lepors.fr\/raspi-thermo-cam\/raspberry-installation-pi4j\/\">voir installation<\/a>). Il \u00e9tait int\u00e9ressant pour nous de comparer certaines mani\u00e8res de coder par rapport au langage Python comme lors du projet Raspi Car (<a href=\"https:\/\/antholp.wixsite.com\/raspi-car\">voir projet<\/a>).<\/p>\n<p>Le dossier de programmation qui comprend les fichiers sources, les fichiers compil\u00e9s et les donn\u00e9es de l&rsquo;application est t\u00e9l\u00e9chargeable avec le lien ci-dessous.<\/p>\n<p>[\/et_pb_text][\/et_pb_column][\/et_pb_row][et_pb_row column_structure=\u00a0\u00bb1_4,1_2,1_4&Prime; use_custom_gutter=\u00a0\u00bbon\u00a0\u00bb gutter_width=\u00a0\u00bb4&Prime; make_equal=\u00a0\u00bbon\u00a0\u00bb _builder_version=\u00a0\u00bb4.8.2&Prime; _module_preset=\u00a0\u00bbdefault\u00a0\u00bb custom_margin=\u00a0\u00bb5px||5px||false|false\u00a0\u00bb custom_padding=\u00a0\u00bb5px||5px||false|false\u00a0\u00bb border_width_all=\u00a0\u00bb2px\u00a0\u00bb box_shadow_style=\u00a0\u00bbpreset1&Prime; locked=\u00a0\u00bboff\u00a0\u00bb][et_pb_column type=\u00a0\u00bb1_4&Prime; _builder_version=\u00a0\u00bb4.8.2&Prime; _module_preset=\u00a0\u00bbdefault\u00a0\u00bb][et_pb_image src=\u00a0\u00bbhttps:\/\/anthony.lepors.fr\/raspi-thermo-cam\/wp-content\/uploads\/2021\/02\/logo-zip.jpg\u00a0\u00bb title_text=\u00a0\u00bblogo_zip\u00a0\u00bb align=\u00a0\u00bbcenter\u00a0\u00bb _builder_version=\u00a0\u00bb4.8.2&Prime; _module_preset=\u00a0\u00bbdefault\u00a0\u00bb module_alignment=\u00a0\u00bbcenter\u00a0\u00bb max_height=\u00a0\u00bb81px\u00a0\u00bb custom_margin=\u00a0\u00bb0px||0px||false|false\u00a0\u00bb custom_padding=\u00a0\u00bb0px||0px||false|false\u00a0\u00bb][\/et_pb_image][\/et_pb_column][et_pb_column type=\u00a0\u00bb1_2&Prime; _builder_version=\u00a0\u00bb4.8.2&Prime; _module_preset=\u00a0\u00bbdefault\u00a0\u00bb][et_pb_blurb title=\u00a0\u00bbProjet Java &#8211; Raspi Thermo Cam\u00a0\u00bb use_icon=\u00a0\u00bbon\u00a0\u00bb font_icon=\u00a0\u00bb%%272%%\u00a0\u00bb icon_placement=\u00a0\u00bbleft\u00a0\u00bb use_icon_font_size=\u00a0\u00bbon\u00a0\u00bb icon_font_size=\u00a0\u00bb48px\u00a0\u00bb _builder_version=\u00a0\u00bb4.8.2&Prime; _module_preset=\u00a0\u00bbdefault\u00a0\u00bb header_font=\u00a0\u00bbOpen Sans||||||||\u00a0\u00bb body_font=\u00a0\u00bbOpen Sans||||||||\u00a0\u00bb body_text_align=\u00a0\u00bbleft\u00a0\u00bb custom_padding=\u00a0\u00bb15px||15px||false|false\u00a0\u00bb]<\/p>\n<p>17 files\u00a0 \u00a0 \u00a0144 KB\u00a0 \u00a0 \u00a006\/05\/2021<\/p>\n<p>[\/et_pb_blurb][\/et_pb_column][et_pb_column type=\u00a0\u00bb1_4&Prime; _builder_version=\u00a0\u00bb4.8.2&Prime; _module_preset=\u00a0\u00bbdefault\u00a0\u00bb][et_pb_button button_url=\u00a0\u00bbhttps:\/\/anthony.lepors.fr\/raspi-thermo-cam\/wp-content\/uploads\/2021\/05\/RaspiThermoCam.zip\u00a0\u00bb button_text=\u00a0\u00bbDOWNLOAD\u00a0\u00bb button_alignment=\u00a0\u00bbleft\u00a0\u00bb _builder_version=\u00a0\u00bb4.8.2&Prime; _module_preset=\u00a0\u00bbdefault\u00a0\u00bb custom_button=\u00a0\u00bbon\u00a0\u00bb button_text_color=\u00a0\u00bb#FFFFFF\u00a0\u00bb button_bg_color=\u00a0\u00bb#ff8080&Prime; button_border_color=\u00a0\u00bb#FFFFFF\u00a0\u00bb button_font=\u00a0\u00bbOpen Sans||||||||\u00a0\u00bb button_icon=\u00a0\u00bb%%209%%\u00a0\u00bb button_icon_color=\u00a0\u00bb#FFFFFF\u00a0\u00bb position_origin_a=\u00a0\u00bbcenter_left\u00a0\u00bb custom_margin=\u00a0\u00bb15px||15px||false|false\u00a0\u00bb][\/et_pb_button][\/et_pb_column][\/et_pb_row][et_pb_row _builder_version=\u00a0\u00bb4.8.2&Prime; _module_preset=\u00a0\u00bbdefault\u00a0\u00bb custom_padding=\u00a0\u00bb0px||||false|false\u00a0\u00bb][et_pb_column type=\u00a0\u00bb4_4&Prime; _builder_version=\u00a0\u00bb4.8.2&Prime; _module_preset=\u00a0\u00bbdefault\u00a0\u00bb][et_pb_text _builder_version=\u00a0\u00bb4.8.2&Prime; _module_preset=\u00a0\u00bbdefault\u00a0\u00bb]<\/p>\n<h2>Raspi Thermo Cam : un robot thermique avec un Raspberry<\/h2>\n<p>Enfin, avec la construction et la programmation du robot, nous avons finalis\u00e9 les 2 grandes \u00e9tapes de la cr\u00e9ation de notre robot thermique. L&rsquo;utilisation de ce dernier, le Raspi Thermo Cam a \u00e9t\u00e9 film\u00e9e au travers d&rsquo;une vid\u00e9o. Nous voyons donc les vid\u00e9os thermiques en direct avec les logiciels ParabilisThermal ou GetThermal.<\/p>\n<p>[\/et_pb_text][et_pb_video src=\u00a0\u00bbhttps:\/\/www.youtube.com\/watch?v=snaxSagON3o\u00a0\u00bb use_icon_font_size=\u00a0\u00bbon\u00a0\u00bb _builder_version=\u00a0\u00bb4.8.2&Prime; _module_preset=\u00a0\u00bbdefault\u00a0\u00bb width=\u00a0\u00bb75%\u00a0\u00bb module_alignment=\u00a0\u00bbcenter\u00a0\u00bb box_shadow_style=\u00a0\u00bbpreset1&Prime; locked=\u00a0\u00bboff\u00a0\u00bb][\/et_pb_video][\/et_pb_column][\/et_pb_row][\/et_pb_section]<\/p>\n","protected":false},"excerpt":{"rendered":"<p>Conception d&rsquo;un robot thermique avec un Raspberry. Utilisation d&rsquo;un module FLIR Lepton 3.5 avec 2 moteurs et un support amovible.<\/p>\n","protected":false},"author":1,"featured_media":2146,"parent":0,"menu_order":0,"comment_status":"closed","ping_status":"closed","template":"","meta":{"_et_pb_use_builder":"on","_et_pb_old_content":"","_et_gb_content_width":"","footnotes":""},"class_list":["post-2234","page","type-page","status-publish","has-post-thumbnail","hentry"],"yoast_head":"<!-- This site is optimized with the Yoast SEO plugin v27.6 - https:\/\/yoast.com\/product\/yoast-seo-wordpress\/ -->\n<title>Robot thermique | Raspi Thermo Cam - Projet Cam\u00e9ra Thermique<\/title>\n<meta name=\"description\" content=\"Conception d&#039;un robot thermique avec un Raspberry. Utilisation d&#039;un module FLIR Lepton 3.5 avec 2 moteurs et un support amovible.\" \/>\n<meta name=\"robots\" content=\"index, follow, max-snippet:-1, max-image-preview:large, max-video-preview:-1\" \/>\n<link rel=\"canonical\" href=\"https:\/\/anthony.lepors.fr\/raspi-thermo-cam\/robot-thermique\/\" \/>\n<meta property=\"og:locale\" content=\"fr_FR\" \/>\n<meta property=\"og:type\" content=\"article\" \/>\n<meta property=\"og:title\" content=\"Robot thermique | Raspi Thermo Cam - Projet Cam\u00e9ra Thermique\" \/>\n<meta property=\"og:description\" content=\"Conception d&#039;un robot thermique avec un Raspberry. Utilisation d&#039;un module FLIR Lepton 3.5 avec 2 moteurs et un support amovible.\" \/>\n<meta property=\"og:url\" content=\"https:\/\/anthony.lepors.fr\/raspi-thermo-cam\/robot-thermique\/\" \/>\n<meta property=\"og:site_name\" content=\"Raspi Thermo Cam - Projet Cam\u00e9ra Thermique\" \/>\n<meta property=\"article:modified_time\" content=\"2021-05-06T18:48:35+00:00\" \/>\n<meta property=\"og:image\" content=\"https:\/\/anthony.lepors.fr\/raspi-thermo-cam\/wp-content\/uploads\/2021\/05\/raspberry-thermal-robot.png\" \/>\n\t<meta property=\"og:image:width\" content=\"1280\" \/>\n\t<meta property=\"og:image:height\" content=\"720\" \/>\n\t<meta property=\"og:image:type\" content=\"image\/png\" \/>\n<meta name=\"twitter:card\" content=\"summary_large_image\" \/>\n<meta name=\"twitter:title\" content=\"Robot thermique | Raspi Thermo Cam - Projet Cam\u00e9ra Thermique\" \/>\n<meta name=\"twitter:description\" content=\"Conception d&#039;un robot thermique avec un Raspberry. Utilisation d&#039;un module FLIR Lepton 3.5 avec 2 moteurs et un support amovible.\" \/>\n<meta name=\"twitter:image\" content=\"https:\/\/anthony.lepors.fr\/raspi-thermo-cam\/wp-content\/uploads\/2021\/05\/raspberry-thermal-robot.png\" \/>\n<meta name=\"twitter:label1\" content=\"Dur\u00e9e de lecture estim\u00e9e\" \/>\n\t<meta name=\"twitter:data1\" content=\"3 minutes\" \/>\n<script type=\"application\/ld+json\" class=\"yoast-schema-graph\">{\"@context\":\"https:\\\/\\\/schema.org\",\"@graph\":[{\"@type\":\"WebPage\",\"@id\":\"https:\\\/\\\/anthony.lepors.fr\\\/raspi-thermo-cam\\\/robot-thermique\\\/\",\"url\":\"https:\\\/\\\/anthony.lepors.fr\\\/raspi-thermo-cam\\\/robot-thermique\\\/\",\"name\":\"Robot thermique | Raspi Thermo Cam - Projet Cam\u00e9ra Thermique\",\"isPartOf\":{\"@id\":\"https:\\\/\\\/anthony.lepors.fr\\\/raspi-thermo-cam\\\/#website\"},\"primaryImageOfPage\":{\"@id\":\"https:\\\/\\\/anthony.lepors.fr\\\/raspi-thermo-cam\\\/robot-thermique\\\/#primaryimage\"},\"image\":{\"@id\":\"https:\\\/\\\/anthony.lepors.fr\\\/raspi-thermo-cam\\\/robot-thermique\\\/#primaryimage\"},\"thumbnailUrl\":\"https:\\\/\\\/anthony.lepors.fr\\\/raspi-thermo-cam\\\/wp-content\\\/uploads\\\/2021\\\/05\\\/raspberry-thermal-robot.png\",\"datePublished\":\"2021-05-06T18:48:23+00:00\",\"dateModified\":\"2021-05-06T18:48:35+00:00\",\"description\":\"Conception d'un robot thermique avec un Raspberry. Utilisation d'un module FLIR Lepton 3.5 avec 2 moteurs et un support amovible.\",\"breadcrumb\":{\"@id\":\"https:\\\/\\\/anthony.lepors.fr\\\/raspi-thermo-cam\\\/robot-thermique\\\/#breadcrumb\"},\"inLanguage\":\"fr-FR\",\"potentialAction\":[{\"@type\":\"ReadAction\",\"target\":[\"https:\\\/\\\/anthony.lepors.fr\\\/raspi-thermo-cam\\\/robot-thermique\\\/\"]}]},{\"@type\":\"ImageObject\",\"inLanguage\":\"fr-FR\",\"@id\":\"https:\\\/\\\/anthony.lepors.fr\\\/raspi-thermo-cam\\\/robot-thermique\\\/#primaryimage\",\"url\":\"https:\\\/\\\/anthony.lepors.fr\\\/raspi-thermo-cam\\\/wp-content\\\/uploads\\\/2021\\\/05\\\/raspberry-thermal-robot.png\",\"contentUrl\":\"https:\\\/\\\/anthony.lepors.fr\\\/raspi-thermo-cam\\\/wp-content\\\/uploads\\\/2021\\\/05\\\/raspberry-thermal-robot.png\",\"width\":1280,\"height\":720},{\"@type\":\"BreadcrumbList\",\"@id\":\"https:\\\/\\\/anthony.lepors.fr\\\/raspi-thermo-cam\\\/robot-thermique\\\/#breadcrumb\",\"itemListElement\":[{\"@type\":\"ListItem\",\"position\":1,\"name\":\"Accueil\",\"item\":\"https:\\\/\\\/anthony.lepors.fr\\\/raspi-thermo-cam\\\/\"},{\"@type\":\"ListItem\",\"position\":2,\"name\":\"Robot thermique\"}]},{\"@type\":\"WebSite\",\"@id\":\"https:\\\/\\\/anthony.lepors.fr\\\/raspi-thermo-cam\\\/#website\",\"url\":\"https:\\\/\\\/anthony.lepors.fr\\\/raspi-thermo-cam\\\/\",\"name\":\"Raspi Thermo Cam - Projet Cam\u00e9ra Thermique\",\"description\":\"Site web qui retrace la r\u00e9alisation d&#039;un projet de cam\u00e9ra thermique avec un Raspberry. Nous utilisons le module FLIR Lepton 3.5 avec un Raspberry Pi 400.\",\"publisher\":{\"@id\":\"https:\\\/\\\/anthony.lepors.fr\\\/raspi-thermo-cam\\\/#\\\/schema\\\/person\\\/92186a88d3e51aa770548fabc8d16e06\"},\"potentialAction\":[{\"@type\":\"SearchAction\",\"target\":{\"@type\":\"EntryPoint\",\"urlTemplate\":\"https:\\\/\\\/anthony.lepors.fr\\\/raspi-thermo-cam\\\/?s={search_term_string}\"},\"query-input\":{\"@type\":\"PropertyValueSpecification\",\"valueRequired\":true,\"valueName\":\"search_term_string\"}}],\"inLanguage\":\"fr-FR\"},{\"@type\":[\"Person\",\"Organization\"],\"@id\":\"https:\\\/\\\/anthony.lepors.fr\\\/raspi-thermo-cam\\\/#\\\/schema\\\/person\\\/92186a88d3e51aa770548fabc8d16e06\",\"name\":\"Anthony LE PORS\",\"image\":{\"@type\":\"ImageObject\",\"inLanguage\":\"fr-FR\",\"@id\":\"https:\\\/\\\/secure.gravatar.com\\\/avatar\\\/ff32c3852ab8cee9e1657174d156c802a9f0e1f3a3e0256a92e6ecc810f2383b?s=96&d=mm&r=g\",\"url\":\"https:\\\/\\\/secure.gravatar.com\\\/avatar\\\/ff32c3852ab8cee9e1657174d156c802a9f0e1f3a3e0256a92e6ecc810f2383b?s=96&d=mm&r=g\",\"contentUrl\":\"https:\\\/\\\/secure.gravatar.com\\\/avatar\\\/ff32c3852ab8cee9e1657174d156c802a9f0e1f3a3e0256a92e6ecc810f2383b?s=96&d=mm&r=g\",\"caption\":\"Anthony LE PORS\"},\"logo\":{\"@id\":\"https:\\\/\\\/secure.gravatar.com\\\/avatar\\\/ff32c3852ab8cee9e1657174d156c802a9f0e1f3a3e0256a92e6ecc810f2383b?s=96&d=mm&r=g\"},\"sameAs\":[\"https:\\\/\\\/anthony.lepors.fr\\\/raspi-thermo-cam\"]}]}<\/script>\n<!-- \/ Yoast SEO plugin. -->","yoast_head_json":{"title":"Robot thermique | Raspi Thermo Cam - Projet Cam\u00e9ra Thermique","description":"Conception d'un robot thermique avec un Raspberry. Utilisation d'un module FLIR Lepton 3.5 avec 2 moteurs et un support amovible.","robots":{"index":"index","follow":"follow","max-snippet":"max-snippet:-1","max-image-preview":"max-image-preview:large","max-video-preview":"max-video-preview:-1"},"canonical":"https:\/\/anthony.lepors.fr\/raspi-thermo-cam\/robot-thermique\/","og_locale":"fr_FR","og_type":"article","og_title":"Robot thermique | Raspi Thermo Cam - Projet Cam\u00e9ra Thermique","og_description":"Conception d'un robot thermique avec un Raspberry. Utilisation d'un module FLIR Lepton 3.5 avec 2 moteurs et un support amovible.","og_url":"https:\/\/anthony.lepors.fr\/raspi-thermo-cam\/robot-thermique\/","og_site_name":"Raspi Thermo Cam - Projet Cam\u00e9ra Thermique","article_modified_time":"2021-05-06T18:48:35+00:00","og_image":[{"width":1280,"height":720,"url":"https:\/\/anthony.lepors.fr\/raspi-thermo-cam\/wp-content\/uploads\/2021\/05\/raspberry-thermal-robot.png","type":"image\/png"}],"twitter_card":"summary_large_image","twitter_title":"Robot thermique | Raspi Thermo Cam - Projet Cam\u00e9ra Thermique","twitter_description":"Conception d'un robot thermique avec un Raspberry. Utilisation d'un module FLIR Lepton 3.5 avec 2 moteurs et un support amovible.","twitter_image":"https:\/\/anthony.lepors.fr\/raspi-thermo-cam\/wp-content\/uploads\/2021\/05\/raspberry-thermal-robot.png","twitter_misc":{"Dur\u00e9e de lecture estim\u00e9e":"3 minutes"},"schema":{"@context":"https:\/\/schema.org","@graph":[{"@type":"WebPage","@id":"https:\/\/anthony.lepors.fr\/raspi-thermo-cam\/robot-thermique\/","url":"https:\/\/anthony.lepors.fr\/raspi-thermo-cam\/robot-thermique\/","name":"Robot thermique | Raspi Thermo Cam - Projet Cam\u00e9ra Thermique","isPartOf":{"@id":"https:\/\/anthony.lepors.fr\/raspi-thermo-cam\/#website"},"primaryImageOfPage":{"@id":"https:\/\/anthony.lepors.fr\/raspi-thermo-cam\/robot-thermique\/#primaryimage"},"image":{"@id":"https:\/\/anthony.lepors.fr\/raspi-thermo-cam\/robot-thermique\/#primaryimage"},"thumbnailUrl":"https:\/\/anthony.lepors.fr\/raspi-thermo-cam\/wp-content\/uploads\/2021\/05\/raspberry-thermal-robot.png","datePublished":"2021-05-06T18:48:23+00:00","dateModified":"2021-05-06T18:48:35+00:00","description":"Conception d'un robot thermique avec un Raspberry. Utilisation d'un module FLIR Lepton 3.5 avec 2 moteurs et un support amovible.","breadcrumb":{"@id":"https:\/\/anthony.lepors.fr\/raspi-thermo-cam\/robot-thermique\/#breadcrumb"},"inLanguage":"fr-FR","potentialAction":[{"@type":"ReadAction","target":["https:\/\/anthony.lepors.fr\/raspi-thermo-cam\/robot-thermique\/"]}]},{"@type":"ImageObject","inLanguage":"fr-FR","@id":"https:\/\/anthony.lepors.fr\/raspi-thermo-cam\/robot-thermique\/#primaryimage","url":"https:\/\/anthony.lepors.fr\/raspi-thermo-cam\/wp-content\/uploads\/2021\/05\/raspberry-thermal-robot.png","contentUrl":"https:\/\/anthony.lepors.fr\/raspi-thermo-cam\/wp-content\/uploads\/2021\/05\/raspberry-thermal-robot.png","width":1280,"height":720},{"@type":"BreadcrumbList","@id":"https:\/\/anthony.lepors.fr\/raspi-thermo-cam\/robot-thermique\/#breadcrumb","itemListElement":[{"@type":"ListItem","position":1,"name":"Accueil","item":"https:\/\/anthony.lepors.fr\/raspi-thermo-cam\/"},{"@type":"ListItem","position":2,"name":"Robot thermique"}]},{"@type":"WebSite","@id":"https:\/\/anthony.lepors.fr\/raspi-thermo-cam\/#website","url":"https:\/\/anthony.lepors.fr\/raspi-thermo-cam\/","name":"Raspi Thermo Cam - Projet Cam\u00e9ra Thermique","description":"Site web qui retrace la r\u00e9alisation d&#039;un projet de cam\u00e9ra thermique avec un Raspberry. Nous utilisons le module FLIR Lepton 3.5 avec un Raspberry Pi 400.","publisher":{"@id":"https:\/\/anthony.lepors.fr\/raspi-thermo-cam\/#\/schema\/person\/92186a88d3e51aa770548fabc8d16e06"},"potentialAction":[{"@type":"SearchAction","target":{"@type":"EntryPoint","urlTemplate":"https:\/\/anthony.lepors.fr\/raspi-thermo-cam\/?s={search_term_string}"},"query-input":{"@type":"PropertyValueSpecification","valueRequired":true,"valueName":"search_term_string"}}],"inLanguage":"fr-FR"},{"@type":["Person","Organization"],"@id":"https:\/\/anthony.lepors.fr\/raspi-thermo-cam\/#\/schema\/person\/92186a88d3e51aa770548fabc8d16e06","name":"Anthony LE PORS","image":{"@type":"ImageObject","inLanguage":"fr-FR","@id":"https:\/\/secure.gravatar.com\/avatar\/ff32c3852ab8cee9e1657174d156c802a9f0e1f3a3e0256a92e6ecc810f2383b?s=96&d=mm&r=g","url":"https:\/\/secure.gravatar.com\/avatar\/ff32c3852ab8cee9e1657174d156c802a9f0e1f3a3e0256a92e6ecc810f2383b?s=96&d=mm&r=g","contentUrl":"https:\/\/secure.gravatar.com\/avatar\/ff32c3852ab8cee9e1657174d156c802a9f0e1f3a3e0256a92e6ecc810f2383b?s=96&d=mm&r=g","caption":"Anthony LE PORS"},"logo":{"@id":"https:\/\/secure.gravatar.com\/avatar\/ff32c3852ab8cee9e1657174d156c802a9f0e1f3a3e0256a92e6ecc810f2383b?s=96&d=mm&r=g"},"sameAs":["https:\/\/anthony.lepors.fr\/raspi-thermo-cam"]}]}},"_links":{"self":[{"href":"https:\/\/anthony.lepors.fr\/raspi-thermo-cam\/wp-json\/wp\/v2\/pages\/2234","targetHints":{"allow":["GET"]}}],"collection":[{"href":"https:\/\/anthony.lepors.fr\/raspi-thermo-cam\/wp-json\/wp\/v2\/pages"}],"about":[{"href":"https:\/\/anthony.lepors.fr\/raspi-thermo-cam\/wp-json\/wp\/v2\/types\/page"}],"author":[{"embeddable":true,"href":"https:\/\/anthony.lepors.fr\/raspi-thermo-cam\/wp-json\/wp\/v2\/users\/1"}],"replies":[{"embeddable":true,"href":"https:\/\/anthony.lepors.fr\/raspi-thermo-cam\/wp-json\/wp\/v2\/comments?post=2234"}],"version-history":[{"count":0,"href":"https:\/\/anthony.lepors.fr\/raspi-thermo-cam\/wp-json\/wp\/v2\/pages\/2234\/revisions"}],"wp:featuredmedia":[{"embeddable":true,"href":"https:\/\/anthony.lepors.fr\/raspi-thermo-cam\/wp-json\/wp\/v2\/media\/2146"}],"wp:attachment":[{"href":"https:\/\/anthony.lepors.fr\/raspi-thermo-cam\/wp-json\/wp\/v2\/media?parent=2234"}],"curies":[{"name":"wp","href":"https:\/\/api.w.org\/{rel}","templated":true}]}}