{"id":11,"date":"2021-02-07T15:56:55","date_gmt":"2021-02-07T14:56:55","guid":{"rendered":"http:\/\/anthony.lepors.fr\/raspi-thermo-cam\/?page_id=11"},"modified":"2021-05-29T12:55:26","modified_gmt":"2021-05-29T10:55:26","slug":"competences","status":"publish","type":"page","link":"https:\/\/anthony.lepors.fr\/raspi-thermo-cam\/competences\/","title":{"rendered":"Les comp\u00e9tences acquises"},"content":{"rendered":"<p>[et_pb_section fb_built=\u00a0\u00bb1&Prime; _builder_version=\u00a0\u00bb4.8.2&Prime; _module_preset=\u00a0\u00bbdefault\u00a0\u00bb][et_pb_row _builder_version=\u00a0\u00bb4.8.2&Prime; _module_preset=\u00a0\u00bbdefault\u00a0\u00bb][et_pb_column type=\u00a0\u00bb4_4&Prime; _builder_version=\u00a0\u00bb4.8.2&Prime; _module_preset=\u00a0\u00bbdefault\u00a0\u00bb][et_pb_text _builder_version=\u00a0\u00bb4.8.2&Prime; _module_preset=\u00a0\u00bbdefault\u00a0\u00bb]<\/p>\n<h1>Les comp\u00e9tences acquises<\/h1>\n<p>Au cours de ce projet Raspi Thermo Cam, nous avons acquis de nombreuses comp\u00e9tences. En effet, c&rsquo;est par une approche multidisciplinaire dans la conception que nous avons men\u00e9 \u00e0 bien ce projet en plein coeur de la discipline m\u00e9catronique.\u00a0 Nous retrouvons facilement 3 domaines de l&rsquo;ing\u00e9nierie.<\/p>\n<h2>Informatique<\/h2>\n<p>Le Raspberry Pi \u00e9tant le coeur de ce projet, une maitrise de ce dernier \u00e9tait primordiale. Pour cela, nous avons facilit\u00e9 sa prise en main par la mise en place du contr\u00f4le \u00e0 distance et ce quelque soit la configuration r\u00e9seau autour de nous. De plus, nous avons appris \u00e0 sauvegarder et restaurer le syst\u00e8me, ce qui est tr\u00e8s pratique dans la phase de test. Des comp\u00e9tences transversales avec la gestion du partitionnement ont \u00e9t\u00e9 acquises pour cela.<\/p>\n<p>En outre, nous avons appris \u00e0 d\u00e9velopper par l&rsquo;interm\u00e9diare de machines virtuelles. Cela offre de nombreux avantages et une grande libert\u00e9 sur nos actions. Dans le cadre de ce projet, la virtualisation avec l&rsquo;\u00e9mulation du Raspberry nous a permis de tester les installations de diff\u00e9rents logiciels d&rsquo;exploitation de donn\u00e9es thermiques. Il \u00e9tait aussi possible de d\u00e9ployer des VM sous d&rsquo;autres environnements lorsque nous rencontrions des probl\u00e8mes de compatibilit\u00e9.<\/p>\n<p>Enfin, nous avons grandement d\u00e9velopp\u00e9 nos comp\u00e9tences en programmation pour ce projet. Le langage que nous avons le plus utilis\u00e9 est le langage Java pour concevoir une interface afin de piloter un robot \u00e0 travers des joysticks virtuels. De plus, nous avons ausssi eu \u00e0 utiliser le langage Python lors de nos tentatives de fusion de flux optique\/thermique. Pour aller plus loin, l&rsquo;utilisation de WordPress pour ce projet \u00e9tait une premi\u00e8re et cela permet d&rsquo;avoir un rendu tr\u00e8s qualitatif pour pr\u00e9senter ce projet.<\/p>\n<h2>M\u00e9canique<\/h2>\n<p>Nous avons aussi acquis diff\u00e9rentes comp\u00e9tences en m\u00e9canique en approfondissant des notions \u00e9tudi\u00e9es en cours. Dans un premier temps, la construction d&rsquo;un robot nous a permis de visualiser diff\u00e9rents points m\u00e9caniques sur lesquels nous avons porter une attention particuli\u00e8re. Comment g\u00e9rer le d\u00e9placement d&rsquo;un robot \u00e0 travers 2 moteurs? Pour cela, il fallait prendre soin d&rsquo;\u00e9quilibrer le robot qui \u00e9tait tr\u00e8s charg\u00e9. De plus, l&rsquo;alimentation de ce dernier par une batterie externe n&rsquo;\u00e9tait pas optimale compte tenu du poids de la batterie.<\/p>\n<p>Dans un second temps, la conception d&rsquo;un boitier thermique en CAO avec SolidWorks est la deuxi\u00e8me grande partie m\u00e9canique de ce projet. Pour cela, nous avons \u00e9tabli le cahier des charges du boitier. A partir de ce dernier, nous avons pu mod\u00e9liser une boite en 3 pi\u00e8ces pour envisager une impression 3D. Notre regret est de ne pas avoir eu le temps pour cette impression, nous n&rsquo;avons donc pas pu le tester pour relever diff\u00e9rents points n\u00e9gatifs, ce qui nous aurait permis de l&rsquo;am\u00e9liorer.<\/p>\n<h2>Electronique<\/h2>\n<p>La derni\u00e8re composante de la m\u00e9catronique concerne l&rsquo;\u00e9lectronique. Dans le cadre de ce projet Raspi Thermo Cam, nous relevons diff\u00e9rentes comp\u00e9tences \u00e9lectroniques que nous avons d\u00fb acqu\u00e9rir.<\/p>\n<p>Pour commencer, nous avons d\u00fb prendre en main le mat\u00e9riel \u00e0 notre disposition et surtout comprendre le fonctionnement de chaque composant. Nous avons donc \u00e9tudier les principes des cam\u00e9ras infrarouge en th\u00e9orie avant d&rsquo;\u00e9tudier le module FLIR Lepton 3.5. Ensuite, nous avons relever les interfa\u00e7ages entre ce dernier et le Raspberry Pi, par l&rsquo;intem\u00e9rdiaire de diff\u00e9rentes cartes (USB ou GPIO). Nous avons donc analys\u00e9 les connexions et compris quelles \u00e9taient les liaisons mises en jeu, notamment avec les bus SPI ou I2C.<\/p>\n<p>La construction du robot nous a permis d&rsquo;utiliser l&rsquo;\u00e9lectronique pour faire le lien entre l&rsquo;informatique et la m\u00e9canique. C&rsquo;est le lien entre les moteurs, la cam\u00e9ra et le Raspberry au travers des ports GPIO ou port USB.<\/p>\n<h2>Autres<\/h2>\n<p>Durant ces 4 mois de r\u00e9alisation, nous avons aussi acquis de nombreux autres comp\u00e9tences qui sont aussi importantes pour mener un projet.\u00a0<\/p>\n<p>Pour travailler tous les 2, nous avons mis en place un espace commun via le SharePoint de notre \u00e9quipe Teams. Tous nos fichiers \u00e9taient donc partag\u00e9s et synchronis\u00e9s en temps r\u00e9el. En effet, c&rsquo;\u00e9tait la solution la plus ad\u00e9quate pour palier le contexte sanitaire qui nous for\u00e7ait \u00e0 travailler plus \u00e0 distance.\u00a0<\/p>\n<p>Aussi, nous avons progress\u00e9 sur le domaine de l&rsquo;imagerie, par exemple avec le traitement des flux. Nous avons compris l&rsquo;importance des librairies pour piloter notre module thermique.<\/p>\n<p>De plus, la r\u00e9alisation de ce site Web nous a forc\u00e9 \u00e0 illustrer au mieux nos actions. Cela facilitera \u00e9norm\u00e9ment la reprise de ce projet. Nous avons pour cela fait des sch\u00e9mas sur Canva, des montages vid\u00e9os avec OpenShot Video Editor mais aussi des plans de c\u00e2bles avec Fritzing. Notre travail a donc \u00e9t\u00e9 organis\u00e9 et document\u00e9 au fur et \u00e0 mesure pour construire ce site Web.<\/p>\n<p>Pour conclure, ce projet Raspi Thermo Cam nous a permis de progresser sur de nombreux domaines qui se rapportent \u00e0 l&rsquo;ing\u00e9nierie. Nous sommes satisfaits des rendus finaux qui d\u00e9coulent de ce projet, avec des r\u00e9alisations concr\u00e8tes. En plein coeur de la m\u00e9catronique, ce projet nous a pleinement motiv\u00e9 de part la conception et l&rsquo;innovation d&rsquo;un syst\u00e8me embarqu\u00e9. Nous aimerions approfondir ce projet par la suite avec la conception d&rsquo;un boitier thermique qui se rapprocherait des r\u00e9sultats industriels. Ces 4 mois de travail auront \u00e9t\u00e9 tr\u00e8s b\u00e9n\u00e9fiques pour nous et nous avons appris \u00e0 d\u00e9couvrir plus encore autour de l&rsquo;ing\u00e9nierie.<\/p>\n<p>[\/et_pb_text][\/et_pb_column][\/et_pb_row][\/et_pb_section]<\/p>\n","protected":false},"excerpt":{"rendered":"<p>Comp\u00e9tences acquises lors du projet Raspi Thermo Cam. Conception d&rsquo;une cam\u00e9ra thermique \u00e0 partir d&rsquo;un Raspberry Pi et d&rsquo;un FLIR Lepton 3.5.<\/p>\n","protected":false},"author":1,"featured_media":635,"parent":0,"menu_order":0,"comment_status":"closed","ping_status":"closed","template":"","meta":{"_et_pb_use_builder":"on","_et_pb_old_content":"","_et_gb_content_width":"","footnotes":""},"class_list":["post-11","page","type-page","status-publish","has-post-thumbnail","hentry"],"yoast_head":"<!-- This site is optimized with the Yoast SEO plugin v27.5 - https:\/\/yoast.com\/product\/yoast-seo-wordpress\/ -->\n<title>Comp\u00e9tences acquises | Raspi Thermo Cam - Projet Cam\u00e9ra Thermique<\/title>\n<meta name=\"description\" content=\"Comp\u00e9tences acquises lors du projet Raspi Thermo Cam. Conception d&#039;une cam\u00e9ra thermique \u00e0 partir d&#039;un Raspberry Pi et d&#039;un FLIR Lepton 3.5.\" \/>\n<meta name=\"robots\" content=\"index, follow, max-snippet:-1, max-image-preview:large, max-video-preview:-1\" \/>\n<link rel=\"canonical\" href=\"https:\/\/anthony.lepors.fr\/raspi-thermo-cam\/competences\/\" \/>\n<meta property=\"og:locale\" content=\"fr_FR\" \/>\n<meta property=\"og:type\" content=\"article\" \/>\n<meta property=\"og:title\" content=\"Comp\u00e9tences acquises | Raspi Thermo Cam - Projet Cam\u00e9ra Thermique\" \/>\n<meta property=\"og:description\" content=\"Comp\u00e9tences acquises lors du projet Raspi Thermo Cam. Conception d&#039;une cam\u00e9ra thermique \u00e0 partir d&#039;un Raspberry Pi et d&#039;un FLIR Lepton 3.5.\" \/>\n<meta property=\"og:url\" content=\"https:\/\/anthony.lepors.fr\/raspi-thermo-cam\/competences\/\" \/>\n<meta property=\"og:site_name\" content=\"Raspi Thermo Cam - Projet Cam\u00e9ra Thermique\" \/>\n<meta property=\"article:modified_time\" content=\"2021-05-29T10:55:26+00:00\" \/>\n<meta property=\"og:image\" content=\"https:\/\/anthony.lepors.fr\/raspi-thermo-cam\/wp-content\/uploads\/2021\/02\/maintemp.png\" \/>\n\t<meta property=\"og:image:width\" content=\"346\" \/>\n\t<meta property=\"og:image:height\" content=\"216\" \/>\n\t<meta property=\"og:image:type\" content=\"image\/png\" \/>\n<meta name=\"twitter:card\" content=\"summary_large_image\" \/>\n<meta name=\"twitter:title\" content=\"Comp\u00e9tences acquises | Raspi Thermo Cam - Projet Cam\u00e9ra Thermique\" \/>\n<meta name=\"twitter:description\" content=\"Comp\u00e9tences acquises lors du projet Raspi Thermo Cam. Conception d&#039;une cam\u00e9ra thermique \u00e0 partir d&#039;un Raspberry Pi et d&#039;un FLIR Lepton 3.5.\" \/>\n<meta name=\"twitter:image\" content=\"https:\/\/anthony.lepors.fr\/raspi-thermo-cam\/wp-content\/uploads\/2021\/02\/maintemp.png\" \/>\n<meta name=\"twitter:label1\" content=\"Dur\u00e9e de lecture estim\u00e9e\" \/>\n\t<meta name=\"twitter:data1\" content=\"1 minute\" \/>\n<script type=\"application\/ld+json\" class=\"yoast-schema-graph\">{\"@context\":\"https:\\\/\\\/schema.org\",\"@graph\":[{\"@type\":\"WebPage\",\"@id\":\"https:\\\/\\\/anthony.lepors.fr\\\/raspi-thermo-cam\\\/competences\\\/\",\"url\":\"https:\\\/\\\/anthony.lepors.fr\\\/raspi-thermo-cam\\\/competences\\\/\",\"name\":\"Comp\u00e9tences acquises | Raspi Thermo Cam - Projet Cam\u00e9ra Thermique\",\"isPartOf\":{\"@id\":\"https:\\\/\\\/anthony.lepors.fr\\\/raspi-thermo-cam\\\/#website\"},\"primaryImageOfPage\":{\"@id\":\"https:\\\/\\\/anthony.lepors.fr\\\/raspi-thermo-cam\\\/competences\\\/#primaryimage\"},\"image\":{\"@id\":\"https:\\\/\\\/anthony.lepors.fr\\\/raspi-thermo-cam\\\/competences\\\/#primaryimage\"},\"thumbnailUrl\":\"https:\\\/\\\/anthony.lepors.fr\\\/raspi-thermo-cam\\\/wp-content\\\/uploads\\\/2021\\\/02\\\/maintemp.png\",\"datePublished\":\"2021-02-07T14:56:55+00:00\",\"dateModified\":\"2021-05-29T10:55:26+00:00\",\"description\":\"Comp\u00e9tences acquises lors du projet Raspi Thermo Cam. Conception d'une cam\u00e9ra thermique \u00e0 partir d'un Raspberry Pi et d'un FLIR Lepton 3.5.\",\"breadcrumb\":{\"@id\":\"https:\\\/\\\/anthony.lepors.fr\\\/raspi-thermo-cam\\\/competences\\\/#breadcrumb\"},\"inLanguage\":\"fr-FR\",\"potentialAction\":[{\"@type\":\"ReadAction\",\"target\":[\"https:\\\/\\\/anthony.lepors.fr\\\/raspi-thermo-cam\\\/competences\\\/\"]}]},{\"@type\":\"ImageObject\",\"inLanguage\":\"fr-FR\",\"@id\":\"https:\\\/\\\/anthony.lepors.fr\\\/raspi-thermo-cam\\\/competences\\\/#primaryimage\",\"url\":\"https:\\\/\\\/anthony.lepors.fr\\\/raspi-thermo-cam\\\/wp-content\\\/uploads\\\/2021\\\/02\\\/maintemp.png\",\"contentUrl\":\"https:\\\/\\\/anthony.lepors.fr\\\/raspi-thermo-cam\\\/wp-content\\\/uploads\\\/2021\\\/02\\\/maintemp.png\",\"width\":346,\"height\":216,\"caption\":\"Utilisation de la FLIR Lepton 3.5\"},{\"@type\":\"BreadcrumbList\",\"@id\":\"https:\\\/\\\/anthony.lepors.fr\\\/raspi-thermo-cam\\\/competences\\\/#breadcrumb\",\"itemListElement\":[{\"@type\":\"ListItem\",\"position\":1,\"name\":\"Accueil\",\"item\":\"https:\\\/\\\/anthony.lepors.fr\\\/raspi-thermo-cam\\\/\"},{\"@type\":\"ListItem\",\"position\":2,\"name\":\"Les comp\u00e9tences acquises\"}]},{\"@type\":\"WebSite\",\"@id\":\"https:\\\/\\\/anthony.lepors.fr\\\/raspi-thermo-cam\\\/#website\",\"url\":\"https:\\\/\\\/anthony.lepors.fr\\\/raspi-thermo-cam\\\/\",\"name\":\"Raspi Thermo Cam - Projet Cam\u00e9ra Thermique\",\"description\":\"Site web qui retrace la r\u00e9alisation d&#039;un projet de cam\u00e9ra thermique avec un Raspberry. Nous utilisons le module FLIR Lepton 3.5 avec un Raspberry Pi 400.\",\"publisher\":{\"@id\":\"https:\\\/\\\/anthony.lepors.fr\\\/raspi-thermo-cam\\\/#\\\/schema\\\/person\\\/92186a88d3e51aa770548fabc8d16e06\"},\"potentialAction\":[{\"@type\":\"SearchAction\",\"target\":{\"@type\":\"EntryPoint\",\"urlTemplate\":\"https:\\\/\\\/anthony.lepors.fr\\\/raspi-thermo-cam\\\/?s={search_term_string}\"},\"query-input\":{\"@type\":\"PropertyValueSpecification\",\"valueRequired\":true,\"valueName\":\"search_term_string\"}}],\"inLanguage\":\"fr-FR\"},{\"@type\":[\"Person\",\"Organization\"],\"@id\":\"https:\\\/\\\/anthony.lepors.fr\\\/raspi-thermo-cam\\\/#\\\/schema\\\/person\\\/92186a88d3e51aa770548fabc8d16e06\",\"name\":\"Anthony LE PORS\",\"image\":{\"@type\":\"ImageObject\",\"inLanguage\":\"fr-FR\",\"@id\":\"https:\\\/\\\/secure.gravatar.com\\\/avatar\\\/ff32c3852ab8cee9e1657174d156c802a9f0e1f3a3e0256a92e6ecc810f2383b?s=96&d=mm&r=g\",\"url\":\"https:\\\/\\\/secure.gravatar.com\\\/avatar\\\/ff32c3852ab8cee9e1657174d156c802a9f0e1f3a3e0256a92e6ecc810f2383b?s=96&d=mm&r=g\",\"contentUrl\":\"https:\\\/\\\/secure.gravatar.com\\\/avatar\\\/ff32c3852ab8cee9e1657174d156c802a9f0e1f3a3e0256a92e6ecc810f2383b?s=96&d=mm&r=g\",\"caption\":\"Anthony LE PORS\"},\"logo\":{\"@id\":\"https:\\\/\\\/secure.gravatar.com\\\/avatar\\\/ff32c3852ab8cee9e1657174d156c802a9f0e1f3a3e0256a92e6ecc810f2383b?s=96&d=mm&r=g\"},\"sameAs\":[\"https:\\\/\\\/anthony.lepors.fr\\\/raspi-thermo-cam\"]}]}<\/script>\n<!-- \/ Yoast SEO plugin. -->","yoast_head_json":{"title":"Comp\u00e9tences acquises | Raspi Thermo Cam - Projet Cam\u00e9ra Thermique","description":"Comp\u00e9tences acquises lors du projet Raspi Thermo Cam. Conception d'une cam\u00e9ra thermique \u00e0 partir d'un Raspberry Pi et d'un FLIR Lepton 3.5.","robots":{"index":"index","follow":"follow","max-snippet":"max-snippet:-1","max-image-preview":"max-image-preview:large","max-video-preview":"max-video-preview:-1"},"canonical":"https:\/\/anthony.lepors.fr\/raspi-thermo-cam\/competences\/","og_locale":"fr_FR","og_type":"article","og_title":"Comp\u00e9tences acquises | Raspi Thermo Cam - Projet Cam\u00e9ra Thermique","og_description":"Comp\u00e9tences acquises lors du projet Raspi Thermo Cam. Conception d'une cam\u00e9ra thermique \u00e0 partir d'un Raspberry Pi et d'un FLIR Lepton 3.5.","og_url":"https:\/\/anthony.lepors.fr\/raspi-thermo-cam\/competences\/","og_site_name":"Raspi Thermo Cam - Projet Cam\u00e9ra Thermique","article_modified_time":"2021-05-29T10:55:26+00:00","og_image":[{"width":346,"height":216,"url":"https:\/\/anthony.lepors.fr\/raspi-thermo-cam\/wp-content\/uploads\/2021\/02\/maintemp.png","type":"image\/png"}],"twitter_card":"summary_large_image","twitter_title":"Comp\u00e9tences acquises | Raspi Thermo Cam - Projet Cam\u00e9ra Thermique","twitter_description":"Comp\u00e9tences acquises lors du projet Raspi Thermo Cam. Conception d'une cam\u00e9ra thermique \u00e0 partir d'un Raspberry Pi et d'un FLIR Lepton 3.5.","twitter_image":"https:\/\/anthony.lepors.fr\/raspi-thermo-cam\/wp-content\/uploads\/2021\/02\/maintemp.png","twitter_misc":{"Dur\u00e9e de lecture estim\u00e9e":"1 minute"},"schema":{"@context":"https:\/\/schema.org","@graph":[{"@type":"WebPage","@id":"https:\/\/anthony.lepors.fr\/raspi-thermo-cam\/competences\/","url":"https:\/\/anthony.lepors.fr\/raspi-thermo-cam\/competences\/","name":"Comp\u00e9tences acquises | Raspi Thermo Cam - Projet Cam\u00e9ra Thermique","isPartOf":{"@id":"https:\/\/anthony.lepors.fr\/raspi-thermo-cam\/#website"},"primaryImageOfPage":{"@id":"https:\/\/anthony.lepors.fr\/raspi-thermo-cam\/competences\/#primaryimage"},"image":{"@id":"https:\/\/anthony.lepors.fr\/raspi-thermo-cam\/competences\/#primaryimage"},"thumbnailUrl":"https:\/\/anthony.lepors.fr\/raspi-thermo-cam\/wp-content\/uploads\/2021\/02\/maintemp.png","datePublished":"2021-02-07T14:56:55+00:00","dateModified":"2021-05-29T10:55:26+00:00","description":"Comp\u00e9tences acquises lors du projet Raspi Thermo Cam. Conception d'une cam\u00e9ra thermique \u00e0 partir d'un Raspberry Pi et d'un FLIR Lepton 3.5.","breadcrumb":{"@id":"https:\/\/anthony.lepors.fr\/raspi-thermo-cam\/competences\/#breadcrumb"},"inLanguage":"fr-FR","potentialAction":[{"@type":"ReadAction","target":["https:\/\/anthony.lepors.fr\/raspi-thermo-cam\/competences\/"]}]},{"@type":"ImageObject","inLanguage":"fr-FR","@id":"https:\/\/anthony.lepors.fr\/raspi-thermo-cam\/competences\/#primaryimage","url":"https:\/\/anthony.lepors.fr\/raspi-thermo-cam\/wp-content\/uploads\/2021\/02\/maintemp.png","contentUrl":"https:\/\/anthony.lepors.fr\/raspi-thermo-cam\/wp-content\/uploads\/2021\/02\/maintemp.png","width":346,"height":216,"caption":"Utilisation de la FLIR Lepton 3.5"},{"@type":"BreadcrumbList","@id":"https:\/\/anthony.lepors.fr\/raspi-thermo-cam\/competences\/#breadcrumb","itemListElement":[{"@type":"ListItem","position":1,"name":"Accueil","item":"https:\/\/anthony.lepors.fr\/raspi-thermo-cam\/"},{"@type":"ListItem","position":2,"name":"Les comp\u00e9tences acquises"}]},{"@type":"WebSite","@id":"https:\/\/anthony.lepors.fr\/raspi-thermo-cam\/#website","url":"https:\/\/anthony.lepors.fr\/raspi-thermo-cam\/","name":"Raspi Thermo Cam - Projet Cam\u00e9ra Thermique","description":"Site web qui retrace la r\u00e9alisation d&#039;un projet de cam\u00e9ra thermique avec un Raspberry. Nous utilisons le module FLIR Lepton 3.5 avec un Raspberry Pi 400.","publisher":{"@id":"https:\/\/anthony.lepors.fr\/raspi-thermo-cam\/#\/schema\/person\/92186a88d3e51aa770548fabc8d16e06"},"potentialAction":[{"@type":"SearchAction","target":{"@type":"EntryPoint","urlTemplate":"https:\/\/anthony.lepors.fr\/raspi-thermo-cam\/?s={search_term_string}"},"query-input":{"@type":"PropertyValueSpecification","valueRequired":true,"valueName":"search_term_string"}}],"inLanguage":"fr-FR"},{"@type":["Person","Organization"],"@id":"https:\/\/anthony.lepors.fr\/raspi-thermo-cam\/#\/schema\/person\/92186a88d3e51aa770548fabc8d16e06","name":"Anthony LE PORS","image":{"@type":"ImageObject","inLanguage":"fr-FR","@id":"https:\/\/secure.gravatar.com\/avatar\/ff32c3852ab8cee9e1657174d156c802a9f0e1f3a3e0256a92e6ecc810f2383b?s=96&d=mm&r=g","url":"https:\/\/secure.gravatar.com\/avatar\/ff32c3852ab8cee9e1657174d156c802a9f0e1f3a3e0256a92e6ecc810f2383b?s=96&d=mm&r=g","contentUrl":"https:\/\/secure.gravatar.com\/avatar\/ff32c3852ab8cee9e1657174d156c802a9f0e1f3a3e0256a92e6ecc810f2383b?s=96&d=mm&r=g","caption":"Anthony LE PORS"},"logo":{"@id":"https:\/\/secure.gravatar.com\/avatar\/ff32c3852ab8cee9e1657174d156c802a9f0e1f3a3e0256a92e6ecc810f2383b?s=96&d=mm&r=g"},"sameAs":["https:\/\/anthony.lepors.fr\/raspi-thermo-cam"]}]}},"_links":{"self":[{"href":"https:\/\/anthony.lepors.fr\/raspi-thermo-cam\/wp-json\/wp\/v2\/pages\/11","targetHints":{"allow":["GET"]}}],"collection":[{"href":"https:\/\/anthony.lepors.fr\/raspi-thermo-cam\/wp-json\/wp\/v2\/pages"}],"about":[{"href":"https:\/\/anthony.lepors.fr\/raspi-thermo-cam\/wp-json\/wp\/v2\/types\/page"}],"author":[{"embeddable":true,"href":"https:\/\/anthony.lepors.fr\/raspi-thermo-cam\/wp-json\/wp\/v2\/users\/1"}],"replies":[{"embeddable":true,"href":"https:\/\/anthony.lepors.fr\/raspi-thermo-cam\/wp-json\/wp\/v2\/comments?post=11"}],"version-history":[{"count":0,"href":"https:\/\/anthony.lepors.fr\/raspi-thermo-cam\/wp-json\/wp\/v2\/pages\/11\/revisions"}],"wp:featuredmedia":[{"embeddable":true,"href":"https:\/\/anthony.lepors.fr\/raspi-thermo-cam\/wp-json\/wp\/v2\/media\/635"}],"wp:attachment":[{"href":"https:\/\/anthony.lepors.fr\/raspi-thermo-cam\/wp-json\/wp\/v2\/media?parent=11"}],"curies":[{"name":"wp","href":"https:\/\/api.w.org\/{rel}","templated":true}]}}